{"id":353,"date":"2026-01-26T13:11:43","date_gmt":"2026-01-26T13:11:43","guid":{"rendered":"https:\/\/xn--seelenglck-heb.com\/?page_id=353"},"modified":"2026-03-17T20:29:19","modified_gmt":"2026-03-17T20:29:19","slug":"blog-und-impulse","status":"publish","type":"page","link":"https:\/\/xn--seelenglck-heb.com\/?page_id=353","title":{"rendered":"Blog und Impulse"},"content":{"rendered":"\t\t<div data-elementor-type=\"wp-page\" data-elementor-id=\"353\" class=\"elementor elementor-353\" data-elementor-post-type=\"page\">\n\t\t\t\t<div class=\"elementor-element elementor-element-cdda40d e-flex e-con-boxed e-con e-parent\" data-id=\"cdda40d\" data-element_type=\"container\" data-e-type=\"container\">\n\t\t\t\t\t<div class=\"e-con-inner\">\n\t\t\t\t<div class=\"elementor-element elementor-element-c5ddace elementor-widget elementor-widget-text-editor\" data-id=\"c5ddace\" data-element_type=\"widget\" data-e-type=\"widget\" data-widget_type=\"text-editor.default\">\n\t\t\t\t\t\t\t\t\t<h1>&#8222;Blog &amp; Impulse&#8220;<\/h1>\t\t\t\t\t\t\t\t<\/div>\n\t\t\t\t\t<\/div>\n\t\t\t\t<\/div>\n\t\t<div class=\"elementor-element elementor-element-b6fac32 e-flex e-con-boxed e-con e-parent\" data-id=\"b6fac32\" data-element_type=\"container\" data-e-type=\"container\">\n\t\t\t\t\t<div class=\"e-con-inner\">\n\t\t\t\t<div class=\"elementor-element elementor-element-59eb5dc elementor-widget elementor-widget-text-editor\" data-id=\"59eb5dc\" data-element_type=\"widget\" data-e-type=\"widget\" data-widget_type=\"text-editor.default\">\n\t\t\t\t\t\t\t\t\t<p data-start=\"58\" data-end=\"127\">Immer mal wieder werde ich hier \u00fcber pers\u00f6nliche Impulse berichten.<\/p><p data-start=\"134\" data-end=\"352\">Und freue mich nat\u00fcrlich auch sehr \u00fcber Erfahrungen aus Deinem Leben.<br data-start=\"203\" data-end=\"206\" \/>\u00dcber wertvolle \u201eWegweiser &amp; Gef\u00e4hrten\u201c, die Dir mit Rat &amp; Tat,<br data-start=\"270\" data-end=\"273\" \/>mit Herz &amp; Verstand zur Seite standen, als Du wirklich Hilfe n\u00f6tig hattest.<\/p><p data-start=\"359\" data-end=\"544\">Wer mag, berichtet gern auch \u00fcber emotionale Blockaden &amp; Hindernisse.<br data-start=\"428\" data-end=\"431\" \/>Und nat\u00fcrlich \u00fcber Deine Erfolge: mit welchen Strategien<br data-start=\"489\" data-end=\"492\" \/>ist es Dir gelungen, schwere Tage zu \u00fcberstehen?<\/p>\t\t\t\t\t\t\t\t<\/div>\n\t\t<div class=\"elementor-element elementor-element-071a0c4 e-con-full elementor-hidden-desktop elementor-hidden-tablet elementor-hidden-mobile e-flex e-con e-child\" data-id=\"071a0c4\" data-element_type=\"container\" data-e-type=\"container\" data-settings=\"{&quot;background_background&quot;:&quot;classic&quot;}\">\n\t\t\t\t<div class=\"elementor-element elementor-element-69c9bcd elementor-widget elementor-widget-text-editor\" data-id=\"69c9bcd\" data-element_type=\"widget\" data-e-type=\"widget\" data-widget_type=\"text-editor.default\">\n\t\t\t\t\t\t\t\t\t<p>In K\u00fcrze verf\u00fcgbar &#8230;<\/p>\t\t\t\t\t\t\t\t<\/div>\n\t\t\t\t<\/div>\n\t\t\t\t\t<\/div>\n\t\t\t\t<\/div>\n\t\t<div class=\"elementor-element elementor-element-38ae626 elementor-hidden-desktop elementor-hidden-tablet elementor-hidden-mobile e-flex e-con-boxed e-con e-parent\" data-id=\"38ae626\" data-element_type=\"container\" data-e-type=\"container\">\n\t\t\t\t\t<div class=\"e-con-inner\">\n\t\t\t\t<div class=\"elementor-element elementor-element-c200f78 elementor-widget elementor-widget-qi_addons_for_elementor_blog_list\" data-id=\"c200f78\" data-element_type=\"widget\" data-e-type=\"widget\" data-widget_type=\"qi_addons_for_elementor_blog_list.default\">\n\t\t\t\t<div class=\"elementor-widget-container\">\n\t\t\t\t\t<div class=\"qodef-shortcode qodef-m qodef-addons-blog-list qodef-image--hover-zoom qodef-qi-grid qodef-layout--qi-columns qodef-col-num--1 qodef-item-layout--boxed qodef-responsive--predefined\" >\n\t<div class=\"qodef-grid-inner\">\n\t\t<article class=\"qodef-e qodef-blog-item qodef-grid-item qodef-item--full post-795 post type-post status-publish format-standard hentry category-uncategorized\">\n\t<div class=\"qodef-e-inner\">\n\t\t<div class=\"qodef-e-media-holder\">\n\t\t\t<div class=\"qodef-e-media\">\n\t<\/div>\n\t\t<\/div>\n\t\t<div class=\"qodef-e-content\">\n\t\t\t\t\t\t<div class=\"qodef-e-text\">\n\t\t\t\t<h2 itemprop=\"name\" class=\"qodef-e-title entry-title\">\n\t<a itemprop=\"url\" class=\"qodef-e-title-link\" href=\"https:\/\/xn--seelenglck-heb.com\/?p=795\">\n\t\t\t<\/a>\n<\/h2>\n\t\t<p itemprop=\"description\" class=\"qodef-e-excerpt\">\n\t\t\tLust auf Fr\u00fchling? Lust auf neue Impulse &#8211; im neuen Jahr? Die Vorbereitungen f\u00fcr die Segelsaison laufen auf Hochtouren. Ich liebe den Peenestrom &#8211; Natur pur! Wer hier\t\t<\/p>\n\t\t\t\t<\/div>\n\t\t\t\t\t\t\t<div class=\"qodef-e-info qodef-info--bottom\">\n\t\t\t\t\t\t<div class=\"qodef-e-read-more\">\n\t\t<a class=\"qodef-shortcode qodef-m qodef-qi-button qodef-html--link qodef-layout--filled qodef-type--standard qodef-icon--right qodef-hover--icon-move-horizontal-short\" href=\"https:\/\/xn--seelenglck-heb.com\/?p=795\" target=\"_self\">\t<span class=\"qodef-m-text\">Weiterlesen<\/span>\t<\/a>\t<\/div>\n\t\t\t\t<\/div>\n\t\t\t\t\t<\/div>\n\t<\/div>\n<\/article>\n<article class=\"qodef-e qodef-blog-item qodef-grid-item qodef-item--full post-666 post type-post status-publish format-standard hentry category-uncategorized\">\n\t<div class=\"qodef-e-inner\">\n\t\t<div class=\"qodef-e-media-holder\">\n\t\t\t<div class=\"qodef-e-media\">\n\t<\/div>\n\t\t<\/div>\n\t\t<div class=\"qodef-e-content\">\n\t\t\t\t\t\t<div class=\"qodef-e-text\">\n\t\t\t\t<h2 itemprop=\"name\" class=\"qodef-e-title entry-title\">\n\t<a itemprop=\"url\" class=\"qodef-e-title-link\" href=\"https:\/\/xn--seelenglck-heb.com\/?p=666\">\n\t\tIn K\u00fcrze verf\u00fcgbar\t<\/a>\n<\/h2>\n\t\t<p itemprop=\"description\" class=\"qodef-e-excerpt\">\n\t\t\tIn K\u00fcrze verf\u00fcgbar &#8230;\t\t<\/p>\n\t\t\t\t<\/div>\n\t\t\t\t\t\t\t<div class=\"qodef-e-info qodef-info--bottom\">\n\t\t\t\t\t\t<div class=\"qodef-e-read-more\">\n\t\t<a class=\"qodef-shortcode qodef-m qodef-qi-button qodef-html--link qodef-layout--filled qodef-type--standard qodef-icon--right qodef-hover--icon-move-horizontal-short\" href=\"https:\/\/xn--seelenglck-heb.com\/?p=666\" target=\"_self\">\t<span class=\"qodef-m-text\">Weiterlesen<\/span>\t<\/a>\t<\/div>\n\t\t\t\t<\/div>\n\t\t\t\t\t<\/div>\n\t<\/div>\n<\/article>\n\t<\/div>\n\t<\/div>\n\t\t\t\t<\/div>\n\t\t\t\t<\/div>\n\t\t\t\t\t<\/div>\n\t\t\t\t<\/div>\n\t\t<div class=\"elementor-element elementor-element-1fb294a e-flex e-con-boxed e-con e-parent\" data-id=\"1fb294a\" data-element_type=\"container\" data-e-type=\"container\">\n\t\t\t\t\t<div class=\"e-con-inner\">\n\t\t\t\t<div class=\"elementor-element elementor-element-50bd459 elementor-widget elementor-widget-posts\" data-id=\"50bd459\" data-element_type=\"widget\" data-e-type=\"widget\" data-settings=\"{&quot;full_content_row_gap&quot;:{&quot;unit&quot;:&quot;px&quot;,&quot;size&quot;:20,&quot;sizes&quot;:[]}}\" data-widget_type=\"posts.full_content\">\n\t\t\t\t<div class=\"elementor-widget-container\">\n\t\t\t\t\t\t\t<div class=\"elementor-posts-container elementor-posts elementor-posts--skin-full_content elementor-grid\" role=\"list\">\n\t\t\t\t<article class=\"elementor-post elementor-grid-item post-795 post type-post status-publish format-standard hentry category-uncategorized\" role=\"listitem\">\n\t\t\t\t<div class=\"elementor-post__text\">\n\t\t\t\t<h3 class=\"elementor-post__title\">\n\t\t\t<a href=\"https:\/\/xn--seelenglck-heb.com\/?p=795\" >\n\t\t\t\t\t\t\t<\/a>\n\t\t<\/h3>\n\t\t<p>Lust auf Fr\u00fchling? Lust auf neue Impulse &#8211; im neuen Jahr?<\/p>\n<p>Die Vorbereitungen f\u00fcr die Segelsaison laufen auf Hochtouren. Ich liebe den Peenestrom &#8211; Natur pur!<\/p>\n<p>Wer hier mit mir auf die &#8222;Reise zu sich selbst&#8220; gehen m\u00f6chte, ist hier im Norden herzlich willkommen!<\/p>\n<p>&nbsp;<\/p>\n<p>&nbsp;<\/p>\n<p><img fetchpriority=\"high\" fetchpriority=\"high\" decoding=\"async\" class=\"alignnone size-medium wp-image-796\" src=\"https:\/\/xn--seelenglck-heb.com\/wp-content\/uploads\/2026\/03\/IMG_4466-300x225.jpg\" alt=\"\" width=\"300\" height=\"225\" srcset=\"https:\/\/xn--seelenglck-heb.com\/wp-content\/uploads\/2026\/03\/IMG_4466-300x225.jpg 300w, https:\/\/xn--seelenglck-heb.com\/wp-content\/uploads\/2026\/03\/IMG_4466-1024x768.jpg 1024w, https:\/\/xn--seelenglck-heb.com\/wp-content\/uploads\/2026\/03\/IMG_4466-768x576.jpg 768w, https:\/\/xn--seelenglck-heb.com\/wp-content\/uploads\/2026\/03\/IMG_4466-1536x1152.jpg 1536w, https:\/\/xn--seelenglck-heb.com\/wp-content\/uploads\/2026\/03\/IMG_4466-2048x1536.jpg 2048w\" sizes=\"(max-width: 300px) 100vw, 300px\" \/><\/p>\n\t\t<\/div>\n\t\t\t\t<\/article>\n\t\t\t\t<article class=\"elementor-post elementor-grid-item post-666 post type-post status-publish format-standard hentry category-uncategorized\" role=\"listitem\">\n\t\t\t\t<div class=\"elementor-post__text\">\n\t\t\t\t<h3 class=\"elementor-post__title\">\n\t\t\t<a href=\"https:\/\/xn--seelenglck-heb.com\/?p=666\" >\n\t\t\t\tIn K\u00fcrze verf\u00fcgbar\t\t\t<\/a>\n\t\t<\/h3>\n\t\t<p>In K\u00fcrze verf\u00fcgbar &#8230;<\/p>\n\t\t<\/div>\n\t\t\t\t<\/article>\n\t\t\t\t<\/div>\n\t\t\n\t\t\t\t\t\t<\/div>\n\t\t\t\t<\/div>\n\t\t\t\t\t<\/div>\n\t\t\t\t<\/div>\n\t\t\t\t<\/div>\n\t\t","protected":false},"excerpt":{"rendered":"<p>&#8222;Blog &amp; Impulse&#8220; Immer mal wieder werde ich hier \u00fcber pers\u00f6nliche Impulse berichten. Und freue mich nat\u00fcrlich auch sehr \u00fcber Erfahrungen aus Deinem Leben.\u00dcber wertvolle \u201eWegweiser &amp; Gef\u00e4hrten\u201c, die Dir mit Rat &amp; Tat,mit Herz &amp; Verstand zur Seite standen, als Du wirklich Hilfe n\u00f6tig hattest. Wer mag, berichtet gern auch \u00fcber emotionale Blockaden &amp; [&hellip;]<\/p>\n","protected":false},"author":1,"featured_media":0,"parent":0,"menu_order":0,"comment_status":"closed","ping_status":"closed","template":"","meta":{"footnotes":""},"class_list":["post-353","page","type-page","status-publish","hentry"],"yoast_head":"<!-- This site is optimized with the Yoast SEO plugin v27.2 - https:\/\/yoast.com\/product\/yoast-seo-wordpress\/ -->\n<title>Blog und Impulse - Seelengl\u00fcck<\/title>\n<meta name=\"description\" content=\"Immer mal wieder werde ich in meinem Blog \u00fcber pers\u00f6nliche Impulse berichten. Michael L\u00fcck - www.Seelengl\u00fcck.com\" \/>\n<meta name=\"robots\" content=\"index, follow, max-snippet:-1, max-image-preview:large, max-video-preview:-1\" \/>\n<link rel=\"canonical\" href=\"https:\/\/xn--seelenglck-heb.com\/?page_id=353\" \/>\n<meta property=\"og:locale\" content=\"de_DE\" \/>\n<meta property=\"og:type\" content=\"article\" \/>\n<meta property=\"og:title\" content=\"Blog und Impulse - Seelengl\u00fcck\" \/>\n<meta property=\"og:description\" content=\"Immer mal wieder werde ich in meinem Blog \u00fcber pers\u00f6nliche Impulse berichten. Michael L\u00fcck - www.Seelengl\u00fcck.com\" \/>\n<meta property=\"og:url\" content=\"https:\/\/xn--seelenglck-heb.com\/?page_id=353\" \/>\n<meta property=\"og:site_name\" content=\"Seelengl\u00fcck\" \/>\n<meta property=\"article:modified_time\" content=\"2026-03-17T20:29:19+00:00\" \/>\n<meta name=\"twitter:card\" content=\"summary_large_image\" \/>\n<meta name=\"twitter:label1\" content=\"Gesch\u00e4tzte Lesezeit\" \/>\n\t<meta name=\"twitter:data1\" content=\"1\u00a0Minute\" \/>\n<script type=\"application\/ld+json\" class=\"yoast-schema-graph\">{\"@context\":\"https:\/\/schema.org\",\"@graph\":[{\"@type\":\"WebPage\",\"@id\":\"https:\/\/xn--seelenglck-heb.com\/?page_id=353\",\"url\":\"https:\/\/xn--seelenglck-heb.com\/?page_id=353\",\"name\":\"Blog und Impulse - Seelengl\u00fcck\",\"isPartOf\":{\"@id\":\"https:\/\/xn--seelenglck-heb.com\/#website\"},\"datePublished\":\"2026-01-26T13:11:43+00:00\",\"dateModified\":\"2026-03-17T20:29:19+00:00\",\"description\":\"Immer mal wieder werde ich in meinem Blog \u00fcber pers\u00f6nliche Impulse berichten. Michael L\u00fcck - www.Seelengl\u00fcck.com\",\"breadcrumb\":{\"@id\":\"https:\/\/xn--seelenglck-heb.com\/?page_id=353#breadcrumb\"},\"inLanguage\":\"de\",\"potentialAction\":[{\"@type\":\"ReadAction\",\"target\":[\"https:\/\/xn--seelenglck-heb.com\/?page_id=353\"]}]},{\"@type\":\"BreadcrumbList\",\"@id\":\"https:\/\/xn--seelenglck-heb.com\/?page_id=353#breadcrumb\",\"itemListElement\":[{\"@type\":\"ListItem\",\"position\":1,\"name\":\"Start\",\"item\":\"https:\/\/xn--seelenglck-heb.com\/\"},{\"@type\":\"ListItem\",\"position\":2,\"name\":\"Blog und Impulse\"}]},{\"@type\":\"WebSite\",\"@id\":\"https:\/\/xn--seelenglck-heb.com\/#website\",\"url\":\"https:\/\/xn--seelenglck-heb.com\/\",\"name\":\"Seelengl\u00fcck\",\"description\":\"Dein Weg zum Seelengl\u00fcck\",\"publisher\":{\"@id\":\"https:\/\/xn--seelenglck-heb.com\/#organization\"},\"potentialAction\":[{\"@type\":\"SearchAction\",\"target\":{\"@type\":\"EntryPoint\",\"urlTemplate\":\"https:\/\/xn--seelenglck-heb.com\/?s={search_term_string}\"},\"query-input\":{\"@type\":\"PropertyValueSpecification\",\"valueRequired\":true,\"valueName\":\"search_term_string\"}}],\"inLanguage\":\"de\"},{\"@type\":\"Organization\",\"@id\":\"https:\/\/xn--seelenglck-heb.com\/#organization\",\"name\":\"Seelengl\u00fcck\",\"url\":\"https:\/\/xn--seelenglck-heb.com\/\",\"logo\":{\"@type\":\"ImageObject\",\"inLanguage\":\"de\",\"@id\":\"https:\/\/xn--seelenglck-heb.com\/#\/schema\/logo\/image\/\",\"url\":\"https:\/\/xn--seelenglck-heb.com\/wp-content\/uploads\/2026\/01\/logo-no-back-white.png\",\"contentUrl\":\"https:\/\/xn--seelenglck-heb.com\/wp-content\/uploads\/2026\/01\/logo-no-back-white.png\",\"width\":1877,\"height\":277,\"caption\":\"Seelengl\u00fcck\"},\"image\":{\"@id\":\"https:\/\/xn--seelenglck-heb.com\/#\/schema\/logo\/image\/\"},\"sameAs\":[\"https:\/\/www.linkedin.com\/in\/hell-und-dunkel\/\"]}]}<\/script>\n<!-- \/ Yoast SEO plugin. -->","yoast_head_json":{"title":"Blog und Impulse - Seelengl\u00fcck","description":"Immer mal wieder werde ich in meinem Blog \u00fcber pers\u00f6nliche Impulse berichten. Michael L\u00fcck - www.Seelengl\u00fcck.com","robots":{"index":"index","follow":"follow","max-snippet":"max-snippet:-1","max-image-preview":"max-image-preview:large","max-video-preview":"max-video-preview:-1"},"canonical":"https:\/\/xn--seelenglck-heb.com\/?page_id=353","og_locale":"de_DE","og_type":"article","og_title":"Blog und Impulse - Seelengl\u00fcck","og_description":"Immer mal wieder werde ich in meinem Blog \u00fcber pers\u00f6nliche Impulse berichten. Michael L\u00fcck - www.Seelengl\u00fcck.com","og_url":"https:\/\/xn--seelenglck-heb.com\/?page_id=353","og_site_name":"Seelengl\u00fcck","article_modified_time":"2026-03-17T20:29:19+00:00","twitter_card":"summary_large_image","twitter_misc":{"Gesch\u00e4tzte Lesezeit":"1\u00a0Minute"},"schema":{"@context":"https:\/\/schema.org","@graph":[{"@type":"WebPage","@id":"https:\/\/xn--seelenglck-heb.com\/?page_id=353","url":"https:\/\/xn--seelenglck-heb.com\/?page_id=353","name":"Blog und Impulse - Seelengl\u00fcck","isPartOf":{"@id":"https:\/\/xn--seelenglck-heb.com\/#website"},"datePublished":"2026-01-26T13:11:43+00:00","dateModified":"2026-03-17T20:29:19+00:00","description":"Immer mal wieder werde ich in meinem Blog \u00fcber pers\u00f6nliche Impulse berichten. Michael L\u00fcck - www.Seelengl\u00fcck.com","breadcrumb":{"@id":"https:\/\/xn--seelenglck-heb.com\/?page_id=353#breadcrumb"},"inLanguage":"de","potentialAction":[{"@type":"ReadAction","target":["https:\/\/xn--seelenglck-heb.com\/?page_id=353"]}]},{"@type":"BreadcrumbList","@id":"https:\/\/xn--seelenglck-heb.com\/?page_id=353#breadcrumb","itemListElement":[{"@type":"ListItem","position":1,"name":"Start","item":"https:\/\/xn--seelenglck-heb.com\/"},{"@type":"ListItem","position":2,"name":"Blog und Impulse"}]},{"@type":"WebSite","@id":"https:\/\/xn--seelenglck-heb.com\/#website","url":"https:\/\/xn--seelenglck-heb.com\/","name":"Seelengl\u00fcck","description":"Dein Weg zum Seelengl\u00fcck","publisher":{"@id":"https:\/\/xn--seelenglck-heb.com\/#organization"},"potentialAction":[{"@type":"SearchAction","target":{"@type":"EntryPoint","urlTemplate":"https:\/\/xn--seelenglck-heb.com\/?s={search_term_string}"},"query-input":{"@type":"PropertyValueSpecification","valueRequired":true,"valueName":"search_term_string"}}],"inLanguage":"de"},{"@type":"Organization","@id":"https:\/\/xn--seelenglck-heb.com\/#organization","name":"Seelengl\u00fcck","url":"https:\/\/xn--seelenglck-heb.com\/","logo":{"@type":"ImageObject","inLanguage":"de","@id":"https:\/\/xn--seelenglck-heb.com\/#\/schema\/logo\/image\/","url":"https:\/\/xn--seelenglck-heb.com\/wp-content\/uploads\/2026\/01\/logo-no-back-white.png","contentUrl":"https:\/\/xn--seelenglck-heb.com\/wp-content\/uploads\/2026\/01\/logo-no-back-white.png","width":1877,"height":277,"caption":"Seelengl\u00fcck"},"image":{"@id":"https:\/\/xn--seelenglck-heb.com\/#\/schema\/logo\/image\/"},"sameAs":["https:\/\/www.linkedin.com\/in\/hell-und-dunkel\/"]}]}},"_links":{"self":[{"href":"https:\/\/xn--seelenglck-heb.com\/index.php?rest_route=\/wp\/v2\/pages\/353","targetHints":{"allow":["GET"]}}],"collection":[{"href":"https:\/\/xn--seelenglck-heb.com\/index.php?rest_route=\/wp\/v2\/pages"}],"about":[{"href":"https:\/\/xn--seelenglck-heb.com\/index.php?rest_route=\/wp\/v2\/types\/page"}],"author":[{"embeddable":true,"href":"https:\/\/xn--seelenglck-heb.com\/index.php?rest_route=\/wp\/v2\/users\/1"}],"replies":[{"embeddable":true,"href":"https:\/\/xn--seelenglck-heb.com\/index.php?rest_route=%2Fwp%2Fv2%2Fcomments&post=353"}],"version-history":[{"count":53,"href":"https:\/\/xn--seelenglck-heb.com\/index.php?rest_route=\/wp\/v2\/pages\/353\/revisions"}],"predecessor-version":[{"id":810,"href":"https:\/\/xn--seelenglck-heb.com\/index.php?rest_route=\/wp\/v2\/pages\/353\/revisions\/810"}],"wp:attachment":[{"href":"https:\/\/xn--seelenglck-heb.com\/index.php?rest_route=%2Fwp%2Fv2%2Fmedia&parent=353"}],"curies":[{"name":"wp","href":"https:\/\/api.w.org\/{rel}","templated":true}]}}