{"id":182,"date":"2026-01-25T19:44:37","date_gmt":"2026-01-25T19:44:37","guid":{"rendered":"https:\/\/xn--seelenglck-heb.com\/?page_id=182"},"modified":"2026-03-06T12:36:11","modified_gmt":"2026-03-06T12:36:11","slug":"michael-lueck","status":"publish","type":"page","link":"https:\/\/xn--seelenglck-heb.com\/?page_id=182","title":{"rendered":"Michael L\u00fcck"},"content":{"rendered":"\t\t<div data-elementor-type=\"wp-page\" data-elementor-id=\"182\" class=\"elementor elementor-182\" data-elementor-post-type=\"page\">\n\t\t\t\t<div class=\"elementor-element elementor-element-1985ae8 e-con-full e-flex e-con e-parent\" data-id=\"1985ae8\" data-element_type=\"container\" data-e-type=\"container\" data-settings=\"{&quot;background_background&quot;:&quot;classic&quot;}\">\n\t\t<div class=\"elementor-element elementor-element-7c4309b e-con-full e-flex e-con e-child\" data-id=\"7c4309b\" data-element_type=\"container\" data-e-type=\"container\" data-settings=\"{&quot;background_background&quot;:&quot;classic&quot;}\">\n\t\t\t\t<div class=\"elementor-element elementor-element-1692b48 elementor-hidden-mobile elementor-widget elementor-widget-spacer\" data-id=\"1692b48\" data-element_type=\"widget\" data-e-type=\"widget\" data-widget_type=\"spacer.default\">\n\t\t\t\t\t\t\t<div class=\"elementor-spacer\">\n\t\t\t<div class=\"elementor-spacer-inner\"><\/div>\n\t\t<\/div>\n\t\t\t\t\t\t<\/div>\n\t\t\t\t<div class=\"elementor-element elementor-element-2c19067 elementor-widget elementor-widget-image\" data-id=\"2c19067\" data-element_type=\"widget\" data-e-type=\"widget\" data-widget_type=\"image.default\">\n\t\t\t\t\t\t\t\t\t\t\t\t\t\t\t<img fetchpriority=\"high\" decoding=\"async\" width=\"427\" height=\"640\" src=\"https:\/\/xn--seelenglck-heb.com\/wp-content\/uploads\/2026\/01\/Michael-Lueck-0823-freundlich-Kopie.jpeg\" class=\"attachment-large size-large wp-image-36\" alt=\"Michael L\u00fcck 0823 freundlich Kopie\" srcset=\"https:\/\/xn--seelenglck-heb.com\/wp-content\/uploads\/2026\/01\/Michael-Lueck-0823-freundlich-Kopie.jpeg 427w, https:\/\/xn--seelenglck-heb.com\/wp-content\/uploads\/2026\/01\/Michael-Lueck-0823-freundlich-Kopie-200x300.jpeg 200w\" sizes=\"(max-width: 427px) 100vw, 427px\" \/>\t\t\t\t\t\t\t\t\t\t\t\t\t\t\t<\/div>\n\t\t\t\t<\/div>\n\t\t<div class=\"elementor-element elementor-element-ed3fc85 e-con-full e-flex e-con e-child\" data-id=\"ed3fc85\" data-element_type=\"container\" data-e-type=\"container\">\n\t\t<div class=\"elementor-element elementor-element-da6eace e-con-full e-flex e-con e-child\" data-id=\"da6eace\" data-element_type=\"container\" data-e-type=\"container\">\n\t\t\t\t<div class=\"elementor-element elementor-element-9f5783c elementor-widget-divider--view-line elementor-widget elementor-widget-divider\" data-id=\"9f5783c\" data-element_type=\"widget\" data-e-type=\"widget\" data-widget_type=\"divider.default\">\n\t\t\t\t\t\t\t<div class=\"elementor-divider\">\n\t\t\t<span class=\"elementor-divider-separator\">\n\t\t\t\t\t\t<\/span>\n\t\t<\/div>\n\t\t\t\t\t\t<\/div>\n\t\t\t\t<div class=\"elementor-element elementor-element-18d7a83 elementor-widget elementor-widget-text-editor\" data-id=\"18d7a83\" data-element_type=\"widget\" data-e-type=\"widget\" data-widget_type=\"text-editor.default\">\n\t\t\t\t\t\t\t\t\t<h1>&#8222;Michael L\u00fcck &ldquo;<\/h1>\nWenn ich \u00fcber meine Rolle, meine Arbeit \u00fcber Jahrzehnte nachdenke &#8211; mit einer Vielzahl verschiedener Menschen &#8211; wird mir immer bewusster: ich bin f\u00fcr meine Mandanten eher Wegweiser &amp; Gef\u00e4hrte.\t\t\t\t\t\t\t\t<\/div>\n\t\t\t\t<\/div>\n\t\t<div class=\"elementor-element elementor-element-b622581 e-con-full e-flex e-con e-child\" data-id=\"b622581\" data-element_type=\"container\" data-e-type=\"container\">\n\t\t\t\t<div class=\"elementor-element elementor-element-f483f66 elementor-widget elementor-widget-text-editor\" data-id=\"f483f66\" data-element_type=\"widget\" data-e-type=\"widget\" data-widget_type=\"text-editor.default\">\n\t\t\t\t\t\t\t\t\t<hr style=\"border: 0; border-top: 1px solid #ccc; margin: 1em 0;\" \/><h2>&#8222;Mehr als ein Berater &#8211; fast ein Freund\u201c.<\/h2><hr style=\"border: 0; border-top: 1px solid #ccc; margin: 1em 0;\" \/>\t\t\t\t\t\t\t\t<\/div>\n\t\t\t\t<div class=\"elementor-element elementor-element-4ac4d67 elementor-widget elementor-widget-text-editor\" data-id=\"4ac4d67\" data-element_type=\"widget\" data-e-type=\"widget\" data-widget_type=\"text-editor.default\">\n\t\t\t\t\t\t\t\t\t<p>Menschen, die mich eng begleiten, sehen mich auch als \u201eEnabler\u201c &#8211; als ein Mensch, der Entwicklung m\u00f6glich macht. Ich bin mit den Schwerpunkten \u201eTeamentwicklung &amp; F\u00fchrung&#8220;, aber auch im Bereich Strategie &amp; Marketing f\u00fcr gro\u00dfe &amp; kleine Unternehmen verschiedenster Branchen t\u00e4tig. Ganz wichtig: als Vater von vier Kindern steht der Mensch bei mir immer im Mittelpunkt.<\/p>\t\t\t\t\t\t\t\t<\/div>\n\t\t\t\t<div class=\"elementor-element elementor-element-2e3d5b2 elementor-widget elementor-widget-text-editor\" data-id=\"2e3d5b2\" data-element_type=\"widget\" data-e-type=\"widget\" data-widget_type=\"text-editor.default\">\n\t\t\t\t\t\t\t\t\t<center><\/center><h2>\u201eWorum geht es hier wirklich?\u201c<\/h2><h3><br \/>&#8222;Warum machen Menschen das &#8211; genau so?\u201c<\/h3>\t\t\t\t\t\t\t\t<\/div>\n\t\t\t\t<div class=\"elementor-element elementor-element-2b2f0d4 elementor-widget elementor-widget-image\" data-id=\"2b2f0d4\" data-element_type=\"widget\" data-e-type=\"widget\" data-widget_type=\"image.default\">\n\t\t\t\t\t\t\t\t\t\t\t\t\t\t\t<img decoding=\"async\" width=\"282\" height=\"43\" src=\"https:\/\/xn--seelenglck-heb.com\/wp-content\/uploads\/2026\/01\/hr-logo.png\" class=\"attachment-large size-large wp-image-275\" alt=\"hr logo\" \/>\t\t\t\t\t\t\t\t\t\t\t\t\t\t\t<\/div>\n\t\t\t\t<div class=\"elementor-element elementor-element-fc55be9 elementor-widget elementor-widget-text-editor\" data-id=\"fc55be9\" data-element_type=\"widget\" data-e-type=\"widget\" data-widget_type=\"text-editor.default\">\n\t\t\t\t\t\t\t\t\t<p>Gro\u00dfe Unternehmen wie BMW, Currenta und Henkel, Mittelst\u00e4ndler wie Trilux, aber auch Messen in D\u00fcsseldorf, Essen und Frankfurt setzten schon auf meine \u201eWorkshops in v\u00f6lliger Lichtlosigkeit\u201c.<\/p>\t\t\t\t\t\t\t\t<\/div>\n\t\t\t\t<\/div>\n\t\t\t\t<\/div>\n\t\t\t\t<\/div>\n\t\t\t\t<\/div>\n\t\t","protected":false},"excerpt":{"rendered":"<p>&#8222;Michael L\u00fcck &ldquo; Wenn ich \u00fcber meine Rolle, meine Arbeit \u00fcber Jahrzehnte nachdenke &#8211; mit einer Vielzahl verschiedener Menschen &#8211; wird mir immer bewusster: ich bin f\u00fcr meine Mandanten eher Wegweiser &amp; Gef\u00e4hrte. &#8222;Mehr als ein Berater &#8211; fast ein Freund\u201c. Menschen, die mich eng begleiten, sehen mich auch als \u201eEnabler\u201c &#8211; als ein Mensch, [&hellip;]<\/p>\n","protected":false},"author":1,"featured_media":0,"parent":0,"menu_order":0,"comment_status":"closed","ping_status":"closed","template":"","meta":{"footnotes":""},"class_list":["post-182","page","type-page","status-publish","hentry"],"yoast_head":"<!-- This site is optimized with the Yoast SEO plugin v27.2 - https:\/\/yoast.com\/product\/yoast-seo-wordpress\/ -->\n<title>Michael L\u00fcck - Seelengl\u00fcck<\/title>\n<meta name=\"description\" content=\"Meine Rolle, meine Arbeit: ich bin f\u00fcr meine Mandanten eher Wegweiser &amp; Gef\u00e4hrte. Michael L\u00fcck, www.seelengl\u00fcck.com\" \/>\n<meta name=\"robots\" content=\"index, follow, max-snippet:-1, max-image-preview:large, max-video-preview:-1\" \/>\n<link rel=\"canonical\" href=\"https:\/\/xn--seelenglck-heb.com\/?page_id=182\" \/>\n<meta property=\"og:locale\" content=\"de_DE\" \/>\n<meta property=\"og:type\" content=\"article\" \/>\n<meta property=\"og:title\" content=\"Michael L\u00fcck - Seelengl\u00fcck\" \/>\n<meta property=\"og:description\" content=\"Meine Rolle, meine Arbeit: ich bin f\u00fcr meine Mandanten eher Wegweiser &amp; Gef\u00e4hrte. Michael L\u00fcck, www.seelengl\u00fcck.com\" \/>\n<meta property=\"og:url\" content=\"https:\/\/xn--seelenglck-heb.com\/?page_id=182\" \/>\n<meta property=\"og:site_name\" content=\"Seelengl\u00fcck\" \/>\n<meta property=\"article:modified_time\" content=\"2026-03-06T12:36:11+00:00\" \/>\n<meta property=\"og:image\" content=\"https:\/\/xn--seelenglck-heb.com\/wp-content\/uploads\/2026\/01\/Michael-Lueck-0823-freundlich-Kopie.jpeg\" \/>\n\t<meta property=\"og:image:width\" content=\"427\" \/>\n\t<meta property=\"og:image:height\" content=\"640\" \/>\n\t<meta property=\"og:image:type\" content=\"image\/jpeg\" \/>\n<meta name=\"twitter:card\" content=\"summary_large_image\" \/>\n<meta name=\"twitter:label1\" content=\"Gesch\u00e4tzte Lesezeit\" \/>\n\t<meta name=\"twitter:data1\" content=\"1\u00a0Minute\" \/>\n<script type=\"application\/ld+json\" class=\"yoast-schema-graph\">{\"@context\":\"https:\/\/schema.org\",\"@graph\":[{\"@type\":\"WebPage\",\"@id\":\"https:\/\/xn--seelenglck-heb.com\/?page_id=182\",\"url\":\"https:\/\/xn--seelenglck-heb.com\/?page_id=182\",\"name\":\"Michael L\u00fcck - Seelengl\u00fcck\",\"isPartOf\":{\"@id\":\"https:\/\/xn--seelenglck-heb.com\/#website\"},\"primaryImageOfPage\":{\"@id\":\"https:\/\/xn--seelenglck-heb.com\/?page_id=182#primaryimage\"},\"image\":{\"@id\":\"https:\/\/xn--seelenglck-heb.com\/?page_id=182#primaryimage\"},\"thumbnailUrl\":\"https:\/\/xn--seelenglck-heb.com\/wp-content\/uploads\/2026\/01\/Michael-Lueck-0823-freundlich-Kopie.jpeg\",\"datePublished\":\"2026-01-25T19:44:37+00:00\",\"dateModified\":\"2026-03-06T12:36:11+00:00\",\"description\":\"Meine Rolle, meine Arbeit: ich bin f\u00fcr meine Mandanten eher Wegweiser & Gef\u00e4hrte. Michael L\u00fcck, www.seelengl\u00fcck.com\",\"breadcrumb\":{\"@id\":\"https:\/\/xn--seelenglck-heb.com\/?page_id=182#breadcrumb\"},\"inLanguage\":\"de\",\"potentialAction\":[{\"@type\":\"ReadAction\",\"target\":[\"https:\/\/xn--seelenglck-heb.com\/?page_id=182\"]}]},{\"@type\":\"ImageObject\",\"inLanguage\":\"de\",\"@id\":\"https:\/\/xn--seelenglck-heb.com\/?page_id=182#primaryimage\",\"url\":\"https:\/\/xn--seelenglck-heb.com\/wp-content\/uploads\/2026\/01\/Michael-Lueck-0823-freundlich-Kopie.jpeg\",\"contentUrl\":\"https:\/\/xn--seelenglck-heb.com\/wp-content\/uploads\/2026\/01\/Michael-Lueck-0823-freundlich-Kopie.jpeg\",\"width\":427,\"height\":640,\"caption\":\"Michael L\u00fcck 0823 freundlich Kopie\"},{\"@type\":\"BreadcrumbList\",\"@id\":\"https:\/\/xn--seelenglck-heb.com\/?page_id=182#breadcrumb\",\"itemListElement\":[{\"@type\":\"ListItem\",\"position\":1,\"name\":\"Start\",\"item\":\"https:\/\/xn--seelenglck-heb.com\/\"},{\"@type\":\"ListItem\",\"position\":2,\"name\":\"Michael L\u00fcck\"}]},{\"@type\":\"WebSite\",\"@id\":\"https:\/\/xn--seelenglck-heb.com\/#website\",\"url\":\"https:\/\/xn--seelenglck-heb.com\/\",\"name\":\"Seelengl\u00fcck\",\"description\":\"Dein Weg zum Seelengl\u00fcck\",\"publisher\":{\"@id\":\"https:\/\/xn--seelenglck-heb.com\/#organization\"},\"potentialAction\":[{\"@type\":\"SearchAction\",\"target\":{\"@type\":\"EntryPoint\",\"urlTemplate\":\"https:\/\/xn--seelenglck-heb.com\/?s={search_term_string}\"},\"query-input\":{\"@type\":\"PropertyValueSpecification\",\"valueRequired\":true,\"valueName\":\"search_term_string\"}}],\"inLanguage\":\"de\"},{\"@type\":\"Organization\",\"@id\":\"https:\/\/xn--seelenglck-heb.com\/#organization\",\"name\":\"Seelengl\u00fcck\",\"url\":\"https:\/\/xn--seelenglck-heb.com\/\",\"logo\":{\"@type\":\"ImageObject\",\"inLanguage\":\"de\",\"@id\":\"https:\/\/xn--seelenglck-heb.com\/#\/schema\/logo\/image\/\",\"url\":\"https:\/\/xn--seelenglck-heb.com\/wp-content\/uploads\/2026\/01\/logo-no-back-white.png\",\"contentUrl\":\"https:\/\/xn--seelenglck-heb.com\/wp-content\/uploads\/2026\/01\/logo-no-back-white.png\",\"width\":1877,\"height\":277,\"caption\":\"Seelengl\u00fcck\"},\"image\":{\"@id\":\"https:\/\/xn--seelenglck-heb.com\/#\/schema\/logo\/image\/\"},\"sameAs\":[\"https:\/\/www.linkedin.com\/in\/hell-und-dunkel\/\"]}]}<\/script>\n<!-- \/ Yoast SEO plugin. -->","yoast_head_json":{"title":"Michael L\u00fcck - Seelengl\u00fcck","description":"Meine Rolle, meine Arbeit: ich bin f\u00fcr meine Mandanten eher Wegweiser & Gef\u00e4hrte. Michael L\u00fcck, www.seelengl\u00fcck.com","robots":{"index":"index","follow":"follow","max-snippet":"max-snippet:-1","max-image-preview":"max-image-preview:large","max-video-preview":"max-video-preview:-1"},"canonical":"https:\/\/xn--seelenglck-heb.com\/?page_id=182","og_locale":"de_DE","og_type":"article","og_title":"Michael L\u00fcck - Seelengl\u00fcck","og_description":"Meine Rolle, meine Arbeit: ich bin f\u00fcr meine Mandanten eher Wegweiser & Gef\u00e4hrte. Michael L\u00fcck, www.seelengl\u00fcck.com","og_url":"https:\/\/xn--seelenglck-heb.com\/?page_id=182","og_site_name":"Seelengl\u00fcck","article_modified_time":"2026-03-06T12:36:11+00:00","og_image":[{"width":427,"height":640,"url":"https:\/\/xn--seelenglck-heb.com\/wp-content\/uploads\/2026\/01\/Michael-Lueck-0823-freundlich-Kopie.jpeg","type":"image\/jpeg"}],"twitter_card":"summary_large_image","twitter_misc":{"Gesch\u00e4tzte Lesezeit":"1\u00a0Minute"},"schema":{"@context":"https:\/\/schema.org","@graph":[{"@type":"WebPage","@id":"https:\/\/xn--seelenglck-heb.com\/?page_id=182","url":"https:\/\/xn--seelenglck-heb.com\/?page_id=182","name":"Michael L\u00fcck - Seelengl\u00fcck","isPartOf":{"@id":"https:\/\/xn--seelenglck-heb.com\/#website"},"primaryImageOfPage":{"@id":"https:\/\/xn--seelenglck-heb.com\/?page_id=182#primaryimage"},"image":{"@id":"https:\/\/xn--seelenglck-heb.com\/?page_id=182#primaryimage"},"thumbnailUrl":"https:\/\/xn--seelenglck-heb.com\/wp-content\/uploads\/2026\/01\/Michael-Lueck-0823-freundlich-Kopie.jpeg","datePublished":"2026-01-25T19:44:37+00:00","dateModified":"2026-03-06T12:36:11+00:00","description":"Meine Rolle, meine Arbeit: ich bin f\u00fcr meine Mandanten eher Wegweiser & Gef\u00e4hrte. Michael L\u00fcck, www.seelengl\u00fcck.com","breadcrumb":{"@id":"https:\/\/xn--seelenglck-heb.com\/?page_id=182#breadcrumb"},"inLanguage":"de","potentialAction":[{"@type":"ReadAction","target":["https:\/\/xn--seelenglck-heb.com\/?page_id=182"]}]},{"@type":"ImageObject","inLanguage":"de","@id":"https:\/\/xn--seelenglck-heb.com\/?page_id=182#primaryimage","url":"https:\/\/xn--seelenglck-heb.com\/wp-content\/uploads\/2026\/01\/Michael-Lueck-0823-freundlich-Kopie.jpeg","contentUrl":"https:\/\/xn--seelenglck-heb.com\/wp-content\/uploads\/2026\/01\/Michael-Lueck-0823-freundlich-Kopie.jpeg","width":427,"height":640,"caption":"Michael L\u00fcck 0823 freundlich Kopie"},{"@type":"BreadcrumbList","@id":"https:\/\/xn--seelenglck-heb.com\/?page_id=182#breadcrumb","itemListElement":[{"@type":"ListItem","position":1,"name":"Start","item":"https:\/\/xn--seelenglck-heb.com\/"},{"@type":"ListItem","position":2,"name":"Michael L\u00fcck"}]},{"@type":"WebSite","@id":"https:\/\/xn--seelenglck-heb.com\/#website","url":"https:\/\/xn--seelenglck-heb.com\/","name":"Seelengl\u00fcck","description":"Dein Weg zum Seelengl\u00fcck","publisher":{"@id":"https:\/\/xn--seelenglck-heb.com\/#organization"},"potentialAction":[{"@type":"SearchAction","target":{"@type":"EntryPoint","urlTemplate":"https:\/\/xn--seelenglck-heb.com\/?s={search_term_string}"},"query-input":{"@type":"PropertyValueSpecification","valueRequired":true,"valueName":"search_term_string"}}],"inLanguage":"de"},{"@type":"Organization","@id":"https:\/\/xn--seelenglck-heb.com\/#organization","name":"Seelengl\u00fcck","url":"https:\/\/xn--seelenglck-heb.com\/","logo":{"@type":"ImageObject","inLanguage":"de","@id":"https:\/\/xn--seelenglck-heb.com\/#\/schema\/logo\/image\/","url":"https:\/\/xn--seelenglck-heb.com\/wp-content\/uploads\/2026\/01\/logo-no-back-white.png","contentUrl":"https:\/\/xn--seelenglck-heb.com\/wp-content\/uploads\/2026\/01\/logo-no-back-white.png","width":1877,"height":277,"caption":"Seelengl\u00fcck"},"image":{"@id":"https:\/\/xn--seelenglck-heb.com\/#\/schema\/logo\/image\/"},"sameAs":["https:\/\/www.linkedin.com\/in\/hell-und-dunkel\/"]}]}},"_links":{"self":[{"href":"https:\/\/xn--seelenglck-heb.com\/index.php?rest_route=\/wp\/v2\/pages\/182","targetHints":{"allow":["GET"]}}],"collection":[{"href":"https:\/\/xn--seelenglck-heb.com\/index.php?rest_route=\/wp\/v2\/pages"}],"about":[{"href":"https:\/\/xn--seelenglck-heb.com\/index.php?rest_route=\/wp\/v2\/types\/page"}],"author":[{"embeddable":true,"href":"https:\/\/xn--seelenglck-heb.com\/index.php?rest_route=\/wp\/v2\/users\/1"}],"replies":[{"embeddable":true,"href":"https:\/\/xn--seelenglck-heb.com\/index.php?rest_route=%2Fwp%2Fv2%2Fcomments&post=182"}],"version-history":[{"count":53,"href":"https:\/\/xn--seelenglck-heb.com\/index.php?rest_route=\/wp\/v2\/pages\/182\/revisions"}],"predecessor-version":[{"id":740,"href":"https:\/\/xn--seelenglck-heb.com\/index.php?rest_route=\/wp\/v2\/pages\/182\/revisions\/740"}],"wp:attachment":[{"href":"https:\/\/xn--seelenglck-heb.com\/index.php?rest_route=%2Fwp%2Fv2%2Fmedia&parent=182"}],"curies":[{"name":"wp","href":"https:\/\/api.w.org\/{rel}","templated":true}]}}