{"id":178,"date":"2026-01-25T19:44:11","date_gmt":"2026-01-25T19:44:11","guid":{"rendered":"https:\/\/xn--seelenglck-heb.com\/?page_id=178"},"modified":"2026-02-25T08:20:08","modified_gmt":"2026-02-25T08:20:08","slug":"ehrlich-sein","status":"publish","type":"page","link":"https:\/\/xn--seelenglck-heb.com\/?page_id=178","title":{"rendered":"Ehrlich sein"},"content":{"rendered":"\t\t<div data-elementor-type=\"wp-page\" data-elementor-id=\"178\" class=\"elementor elementor-178\" data-elementor-post-type=\"page\">\n\t\t\t\t<div class=\"elementor-element elementor-element-b24f764 e-con-full e-flex e-con e-parent\" data-id=\"b24f764\" data-element_type=\"container\" data-e-type=\"container\" data-settings=\"{&quot;background_background&quot;:&quot;classic&quot;}\">\n\t\t<div class=\"elementor-element elementor-element-b943cdb e-con-full e-flex e-con e-child\" data-id=\"b943cdb\" data-element_type=\"container\" data-e-type=\"container\">\n\t\t\t\t<div class=\"elementor-element elementor-element-48062b3 elementor-hidden-mobile elementor-widget elementor-widget-spacer\" data-id=\"48062b3\" data-element_type=\"widget\" data-e-type=\"widget\" data-widget_type=\"spacer.default\">\n\t\t\t\t\t\t\t<div class=\"elementor-spacer\">\n\t\t\t<div class=\"elementor-spacer-inner\"><\/div>\n\t\t<\/div>\n\t\t\t\t\t\t<\/div>\n\t\t\t\t<div class=\"elementor-element elementor-element-75d896c elementor-widget__width-initial elementor-widget elementor-widget-image\" data-id=\"75d896c\" data-element_type=\"widget\" data-e-type=\"widget\" data-widget_type=\"image.default\">\n\t\t\t\t\t\t\t\t\t\t\t\t\t\t\t<img fetchpriority=\"high\" decoding=\"async\" width=\"427\" height=\"640\" src=\"https:\/\/xn--seelenglck-heb.com\/wp-content\/uploads\/2026\/01\/Ehrlich-sein-neu.jpeg\" class=\"attachment-large size-large wp-image-28\" alt=\"Ehrlich sein neu\" srcset=\"https:\/\/xn--seelenglck-heb.com\/wp-content\/uploads\/2026\/01\/Ehrlich-sein-neu.jpeg 427w, https:\/\/xn--seelenglck-heb.com\/wp-content\/uploads\/2026\/01\/Ehrlich-sein-neu-200x300.jpeg 200w\" sizes=\"(max-width: 427px) 100vw, 427px\" \/>\t\t\t\t\t\t\t\t\t\t\t\t\t\t\t<\/div>\n\t\t\t\t<\/div>\n\t\t<div class=\"elementor-element elementor-element-e2675a4 e-con-full e-flex e-con e-child\" data-id=\"e2675a4\" data-element_type=\"container\" data-e-type=\"container\">\n\t\t<div class=\"elementor-element elementor-element-8c7f3f0 e-con-full e-flex e-con e-child\" data-id=\"8c7f3f0\" data-element_type=\"container\" data-e-type=\"container\">\n\t\t\t\t<div class=\"elementor-element elementor-element-d96ecd0 elementor-widget-divider--view-line elementor-widget elementor-widget-divider\" data-id=\"d96ecd0\" data-element_type=\"widget\" data-e-type=\"widget\" data-widget_type=\"divider.default\">\n\t\t\t\t\t\t\t<div class=\"elementor-divider\">\n\t\t\t<span class=\"elementor-divider-separator\">\n\t\t\t\t\t\t<\/span>\n\t\t<\/div>\n\t\t\t\t\t\t<\/div>\n\t\t\t\t<div class=\"elementor-element elementor-element-0a76fdc elementor-widget elementor-widget-text-editor\" data-id=\"0a76fdc\" data-element_type=\"widget\" data-e-type=\"widget\" data-widget_type=\"text-editor.default\">\n\t\t\t\t\t\t\t\t\t<h1>&#8222;Ehrlich sein&#8220;<\/h1><p>Eng verkn\u00fcpft mit dem \u201elos-lassen\u201c ist das \u201eehrlich sein zu sich selbst\u201c. Denn wir alle sind Weltmeister darin, uns selbst zu bel\u00fcgen. Ob in Bezug auf die pers\u00f6nliche Bedeutung von Macht, Geld, Auto, Haus oder sonstigen Statussymbolen. In Bezug auf eigene W\u00fcnsche &amp; Bed\u00fcrfnisse.<\/p>\t\t\t\t\t\t\t\t<\/div>\n\t\t\t\t<div class=\"elementor-element elementor-element-c741597 elementor-widget elementor-widget-text-editor\" data-id=\"c741597\" data-element_type=\"widget\" data-e-type=\"widget\" data-widget_type=\"text-editor.default\">\n\t\t\t\t\t\t\t\t\t<hr style=\"border: 0; border-top: 1px solid #ccc; margin: 1em 0;\">\n\n<h2>&#8222;Wie geht es Dir?\u201c<\/h2>\n\n<hr style=\"border: 0; border-top: 1px solid #ccc; margin: 1em 0;\">\t\t\t\t\t\t\t\t<\/div>\n\t\t\t\t<\/div>\n\t\t<div class=\"elementor-element elementor-element-8d8cf7d e-con-full e-flex e-con e-child\" data-id=\"8d8cf7d\" data-element_type=\"container\" data-e-type=\"container\">\n\t\t<div class=\"elementor-element elementor-element-f85c23a e-grid e-con-full e-con e-child\" data-id=\"f85c23a\" data-element_type=\"container\" data-e-type=\"container\">\n\t\t\t\t<div class=\"elementor-element elementor-element-e60c4f7 elementor-widget elementor-widget-text-editor\" data-id=\"e60c4f7\" data-element_type=\"widget\" data-e-type=\"widget\" data-widget_type=\"text-editor.default\">\n\t\t\t\t\t\t\t\t\t<p>Wir l\u00fcgen auch im Alltag. Wer von uns h\u00e4lt kurz inne und f\u00fchlt \u201ein sich hinein\u201c, wenn ein Nachbar, eine Freundin, ein Kollege fragt: \u201eWie geht es Dir?\u201c \u00dcblicherweise kommt als Antwort eine Phrase, ein \u201eDanke, gut. Und Dir?\u201c Und schon wieder ist das Momentum vorbei, kurz innezuhalten und sich selbst zu fragen: \u201eSag\u2019 mal, wie geht es Dir eigentlich wirklich?\u201c<\/p><p>Wenn wir kleine Kinder sind, orientieren wir uns an unseren Eltern. Und dann? \u201ePapa sagt, Lehrer sagt, Ausbilder sagt, Professor sagt, Arbeitgeber sagt, Kunde sagt.\u201c Viele von uns \u00fcbernehmen ungefragt \u00fcber Jahre, ja Jahrzehnte Aussagen, Meinungen und Haltungen anderer, ohne sie jemals zu hinterfragen.<\/p><p>Bei bestimmten Aussagen meines Vaters regte sich bei mir schon im Alter von 12-14 Jahren<\/p>\t\t\t\t\t\t\t\t<\/div>\n\t\t\t\t<div class=\"elementor-element elementor-element-dba19c6 elementor-widget elementor-widget-text-editor\" data-id=\"dba19c6\" data-element_type=\"widget\" data-e-type=\"widget\" data-widget_type=\"text-editor.default\">\n\t\t\t\t\t\t\t\t\t<p>innerlich Widerspruch. Und sicherlich tr\u00e4gt mein Sternzeichen \u201eWidder\u201c zu Rebellion in der Schule und kritischem Hinterfragen ein. Meinen vier Kindern habe ich schon sehr fr\u00fch deutlich gemacht:<\/p><p>\u201eDas ist meine Meinung dazu, meine Haltung. Vorsicht damit, diese einfach so in der Schule herauszuposaunen. Denn sie entspricht eher einer Minderheit.\u201c<\/p><p>Solche Vorbilder regen Kinder an, \u00fcber Haltungen &amp; Meinungen nachzudenken. Zu reden. \u201eEinfache Diskussionen\u201c am heimatlichen Esstisch gibt es bei uns nicht &#8211; selber Schuld \ud83d\ude42 \u2026<\/p><p>Wir alle sind Menschen. Wir wollen gesehen, geh\u00f6rt, f\u00fcr wahr genommen werde. Zur Wahrheit geh\u00f6rt, sich diese Bed\u00fcrfnisse auch selbst einzugestehen!<\/p>\t\t\t\t\t\t\t\t<\/div>\n\t\t\t\t<\/div>\n\t\t\t\t<\/div>\n\t\t\t\t<\/div>\n\t\t\t\t<\/div>\n\t\t\t\t<\/div>\n\t\t","protected":false},"excerpt":{"rendered":"<p>&#8222;Ehrlich sein&#8220; Eng verkn\u00fcpft mit dem \u201elos-lassen\u201c ist das \u201eehrlich sein zu sich selbst\u201c. Denn wir alle sind Weltmeister darin, uns selbst zu bel\u00fcgen. Ob in Bezug auf die pers\u00f6nliche Bedeutung von Macht, Geld, Auto, Haus oder sonstigen Statussymbolen. In Bezug auf eigene W\u00fcnsche &amp; Bed\u00fcrfnisse. &#8222;Wie geht es Dir?\u201c Wir l\u00fcgen auch im Alltag. [&hellip;]<\/p>\n","protected":false},"author":1,"featured_media":0,"parent":0,"menu_order":0,"comment_status":"closed","ping_status":"closed","template":"","meta":{"footnotes":""},"class_list":["post-178","page","type-page","status-publish","hentry"],"yoast_head":"<!-- This site is optimized with the Yoast SEO plugin v27.2 - https:\/\/yoast.com\/product\/yoast-seo-wordpress\/ -->\n<title>Ehrlich sein - Seelengl\u00fcck<\/title>\n<meta name=\"description\" content=\"Eng verkn\u00fcpft mit dem \u201elos-lassen\u201c ist das \u201eehrlich sein zu sich selbst\u201c. Denn wir alle sind Weltmeister darin, uns selbst zu bel\u00fcgen.\" \/>\n<meta name=\"robots\" content=\"index, follow, max-snippet:-1, max-image-preview:large, max-video-preview:-1\" \/>\n<link rel=\"canonical\" href=\"https:\/\/xn--seelenglck-heb.com\/?page_id=178\" \/>\n<meta property=\"og:locale\" content=\"de_DE\" \/>\n<meta property=\"og:type\" content=\"article\" \/>\n<meta property=\"og:title\" content=\"Ehrlich sein - Seelengl\u00fcck\" \/>\n<meta property=\"og:description\" content=\"Eng verkn\u00fcpft mit dem \u201elos-lassen\u201c ist das \u201eehrlich sein zu sich selbst\u201c. Denn wir alle sind Weltmeister darin, uns selbst zu bel\u00fcgen.\" \/>\n<meta property=\"og:url\" content=\"https:\/\/xn--seelenglck-heb.com\/?page_id=178\" \/>\n<meta property=\"og:site_name\" content=\"Seelengl\u00fcck\" \/>\n<meta property=\"article:modified_time\" content=\"2026-02-25T08:20:08+00:00\" \/>\n<meta property=\"og:image\" content=\"https:\/\/xn--seelenglck-heb.com\/wp-content\/uploads\/2026\/01\/Ehrlich-sein-neu.jpeg\" \/>\n\t<meta property=\"og:image:width\" content=\"427\" \/>\n\t<meta property=\"og:image:height\" content=\"640\" \/>\n\t<meta property=\"og:image:type\" content=\"image\/jpeg\" \/>\n<meta name=\"twitter:card\" content=\"summary_large_image\" \/>\n<meta name=\"twitter:label1\" content=\"Gesch\u00e4tzte Lesezeit\" \/>\n\t<meta name=\"twitter:data1\" content=\"2\u00a0Minuten\" \/>\n<script type=\"application\/ld+json\" class=\"yoast-schema-graph\">{\"@context\":\"https:\/\/schema.org\",\"@graph\":[{\"@type\":\"WebPage\",\"@id\":\"https:\/\/xn--seelenglck-heb.com\/?page_id=178\",\"url\":\"https:\/\/xn--seelenglck-heb.com\/?page_id=178\",\"name\":\"Ehrlich sein - Seelengl\u00fcck\",\"isPartOf\":{\"@id\":\"https:\/\/xn--seelenglck-heb.com\/#website\"},\"primaryImageOfPage\":{\"@id\":\"https:\/\/xn--seelenglck-heb.com\/?page_id=178#primaryimage\"},\"image\":{\"@id\":\"https:\/\/xn--seelenglck-heb.com\/?page_id=178#primaryimage\"},\"thumbnailUrl\":\"https:\/\/xn--seelenglck-heb.com\/wp-content\/uploads\/2026\/01\/Ehrlich-sein-neu.jpeg\",\"datePublished\":\"2026-01-25T19:44:11+00:00\",\"dateModified\":\"2026-02-25T08:20:08+00:00\",\"description\":\"Eng verkn\u00fcpft mit dem \u201elos-lassen\u201c ist das \u201eehrlich sein zu sich selbst\u201c. Denn wir alle sind Weltmeister darin, uns selbst zu bel\u00fcgen.\",\"breadcrumb\":{\"@id\":\"https:\/\/xn--seelenglck-heb.com\/?page_id=178#breadcrumb\"},\"inLanguage\":\"de\",\"potentialAction\":[{\"@type\":\"ReadAction\",\"target\":[\"https:\/\/xn--seelenglck-heb.com\/?page_id=178\"]}]},{\"@type\":\"ImageObject\",\"inLanguage\":\"de\",\"@id\":\"https:\/\/xn--seelenglck-heb.com\/?page_id=178#primaryimage\",\"url\":\"https:\/\/xn--seelenglck-heb.com\/wp-content\/uploads\/2026\/01\/Ehrlich-sein-neu.jpeg\",\"contentUrl\":\"https:\/\/xn--seelenglck-heb.com\/wp-content\/uploads\/2026\/01\/Ehrlich-sein-neu.jpeg\",\"width\":427,\"height\":640,\"caption\":\"Ehrlich sein neu\"},{\"@type\":\"BreadcrumbList\",\"@id\":\"https:\/\/xn--seelenglck-heb.com\/?page_id=178#breadcrumb\",\"itemListElement\":[{\"@type\":\"ListItem\",\"position\":1,\"name\":\"Start\",\"item\":\"https:\/\/xn--seelenglck-heb.com\/\"},{\"@type\":\"ListItem\",\"position\":2,\"name\":\"Ehrlich sein\"}]},{\"@type\":\"WebSite\",\"@id\":\"https:\/\/xn--seelenglck-heb.com\/#website\",\"url\":\"https:\/\/xn--seelenglck-heb.com\/\",\"name\":\"Seelengl\u00fcck\",\"description\":\"Dein Weg zum Seelengl\u00fcck\",\"publisher\":{\"@id\":\"https:\/\/xn--seelenglck-heb.com\/#organization\"},\"potentialAction\":[{\"@type\":\"SearchAction\",\"target\":{\"@type\":\"EntryPoint\",\"urlTemplate\":\"https:\/\/xn--seelenglck-heb.com\/?s={search_term_string}\"},\"query-input\":{\"@type\":\"PropertyValueSpecification\",\"valueRequired\":true,\"valueName\":\"search_term_string\"}}],\"inLanguage\":\"de\"},{\"@type\":\"Organization\",\"@id\":\"https:\/\/xn--seelenglck-heb.com\/#organization\",\"name\":\"Seelengl\u00fcck\",\"url\":\"https:\/\/xn--seelenglck-heb.com\/\",\"logo\":{\"@type\":\"ImageObject\",\"inLanguage\":\"de\",\"@id\":\"https:\/\/xn--seelenglck-heb.com\/#\/schema\/logo\/image\/\",\"url\":\"https:\/\/xn--seelenglck-heb.com\/wp-content\/uploads\/2026\/01\/logo-no-back-white.png\",\"contentUrl\":\"https:\/\/xn--seelenglck-heb.com\/wp-content\/uploads\/2026\/01\/logo-no-back-white.png\",\"width\":1877,\"height\":277,\"caption\":\"Seelengl\u00fcck\"},\"image\":{\"@id\":\"https:\/\/xn--seelenglck-heb.com\/#\/schema\/logo\/image\/\"},\"sameAs\":[\"https:\/\/www.linkedin.com\/in\/hell-und-dunkel\/\"]}]}<\/script>\n<!-- \/ Yoast SEO plugin. -->","yoast_head_json":{"title":"Ehrlich sein - Seelengl\u00fcck","description":"Eng verkn\u00fcpft mit dem \u201elos-lassen\u201c ist das \u201eehrlich sein zu sich selbst\u201c. Denn wir alle sind Weltmeister darin, uns selbst zu bel\u00fcgen.","robots":{"index":"index","follow":"follow","max-snippet":"max-snippet:-1","max-image-preview":"max-image-preview:large","max-video-preview":"max-video-preview:-1"},"canonical":"https:\/\/xn--seelenglck-heb.com\/?page_id=178","og_locale":"de_DE","og_type":"article","og_title":"Ehrlich sein - Seelengl\u00fcck","og_description":"Eng verkn\u00fcpft mit dem \u201elos-lassen\u201c ist das \u201eehrlich sein zu sich selbst\u201c. Denn wir alle sind Weltmeister darin, uns selbst zu bel\u00fcgen.","og_url":"https:\/\/xn--seelenglck-heb.com\/?page_id=178","og_site_name":"Seelengl\u00fcck","article_modified_time":"2026-02-25T08:20:08+00:00","og_image":[{"width":427,"height":640,"url":"https:\/\/xn--seelenglck-heb.com\/wp-content\/uploads\/2026\/01\/Ehrlich-sein-neu.jpeg","type":"image\/jpeg"}],"twitter_card":"summary_large_image","twitter_misc":{"Gesch\u00e4tzte Lesezeit":"2\u00a0Minuten"},"schema":{"@context":"https:\/\/schema.org","@graph":[{"@type":"WebPage","@id":"https:\/\/xn--seelenglck-heb.com\/?page_id=178","url":"https:\/\/xn--seelenglck-heb.com\/?page_id=178","name":"Ehrlich sein - Seelengl\u00fcck","isPartOf":{"@id":"https:\/\/xn--seelenglck-heb.com\/#website"},"primaryImageOfPage":{"@id":"https:\/\/xn--seelenglck-heb.com\/?page_id=178#primaryimage"},"image":{"@id":"https:\/\/xn--seelenglck-heb.com\/?page_id=178#primaryimage"},"thumbnailUrl":"https:\/\/xn--seelenglck-heb.com\/wp-content\/uploads\/2026\/01\/Ehrlich-sein-neu.jpeg","datePublished":"2026-01-25T19:44:11+00:00","dateModified":"2026-02-25T08:20:08+00:00","description":"Eng verkn\u00fcpft mit dem \u201elos-lassen\u201c ist das \u201eehrlich sein zu sich selbst\u201c. Denn wir alle sind Weltmeister darin, uns selbst zu bel\u00fcgen.","breadcrumb":{"@id":"https:\/\/xn--seelenglck-heb.com\/?page_id=178#breadcrumb"},"inLanguage":"de","potentialAction":[{"@type":"ReadAction","target":["https:\/\/xn--seelenglck-heb.com\/?page_id=178"]}]},{"@type":"ImageObject","inLanguage":"de","@id":"https:\/\/xn--seelenglck-heb.com\/?page_id=178#primaryimage","url":"https:\/\/xn--seelenglck-heb.com\/wp-content\/uploads\/2026\/01\/Ehrlich-sein-neu.jpeg","contentUrl":"https:\/\/xn--seelenglck-heb.com\/wp-content\/uploads\/2026\/01\/Ehrlich-sein-neu.jpeg","width":427,"height":640,"caption":"Ehrlich sein neu"},{"@type":"BreadcrumbList","@id":"https:\/\/xn--seelenglck-heb.com\/?page_id=178#breadcrumb","itemListElement":[{"@type":"ListItem","position":1,"name":"Start","item":"https:\/\/xn--seelenglck-heb.com\/"},{"@type":"ListItem","position":2,"name":"Ehrlich sein"}]},{"@type":"WebSite","@id":"https:\/\/xn--seelenglck-heb.com\/#website","url":"https:\/\/xn--seelenglck-heb.com\/","name":"Seelengl\u00fcck","description":"Dein Weg zum Seelengl\u00fcck","publisher":{"@id":"https:\/\/xn--seelenglck-heb.com\/#organization"},"potentialAction":[{"@type":"SearchAction","target":{"@type":"EntryPoint","urlTemplate":"https:\/\/xn--seelenglck-heb.com\/?s={search_term_string}"},"query-input":{"@type":"PropertyValueSpecification","valueRequired":true,"valueName":"search_term_string"}}],"inLanguage":"de"},{"@type":"Organization","@id":"https:\/\/xn--seelenglck-heb.com\/#organization","name":"Seelengl\u00fcck","url":"https:\/\/xn--seelenglck-heb.com\/","logo":{"@type":"ImageObject","inLanguage":"de","@id":"https:\/\/xn--seelenglck-heb.com\/#\/schema\/logo\/image\/","url":"https:\/\/xn--seelenglck-heb.com\/wp-content\/uploads\/2026\/01\/logo-no-back-white.png","contentUrl":"https:\/\/xn--seelenglck-heb.com\/wp-content\/uploads\/2026\/01\/logo-no-back-white.png","width":1877,"height":277,"caption":"Seelengl\u00fcck"},"image":{"@id":"https:\/\/xn--seelenglck-heb.com\/#\/schema\/logo\/image\/"},"sameAs":["https:\/\/www.linkedin.com\/in\/hell-und-dunkel\/"]}]}},"_links":{"self":[{"href":"https:\/\/xn--seelenglck-heb.com\/index.php?rest_route=\/wp\/v2\/pages\/178","targetHints":{"allow":["GET"]}}],"collection":[{"href":"https:\/\/xn--seelenglck-heb.com\/index.php?rest_route=\/wp\/v2\/pages"}],"about":[{"href":"https:\/\/xn--seelenglck-heb.com\/index.php?rest_route=\/wp\/v2\/types\/page"}],"author":[{"embeddable":true,"href":"https:\/\/xn--seelenglck-heb.com\/index.php?rest_route=\/wp\/v2\/users\/1"}],"replies":[{"embeddable":true,"href":"https:\/\/xn--seelenglck-heb.com\/index.php?rest_route=%2Fwp%2Fv2%2Fcomments&post=178"}],"version-history":[{"count":41,"href":"https:\/\/xn--seelenglck-heb.com\/index.php?rest_route=\/wp\/v2\/pages\/178\/revisions"}],"predecessor-version":[{"id":708,"href":"https:\/\/xn--seelenglck-heb.com\/index.php?rest_route=\/wp\/v2\/pages\/178\/revisions\/708"}],"wp:attachment":[{"href":"https:\/\/xn--seelenglck-heb.com\/index.php?rest_route=%2Fwp%2Fv2%2Fmedia&parent=178"}],"curies":[{"name":"wp","href":"https:\/\/api.w.org\/{rel}","templated":true}]}}