{"id":176,"date":"2026-01-25T19:44:01","date_gmt":"2026-01-25T19:44:01","guid":{"rendered":"https:\/\/xn--seelenglck-heb.com\/?page_id=176"},"modified":"2026-03-06T09:29:19","modified_gmt":"2026-03-06T09:29:19","slug":"loslassen","status":"publish","type":"page","link":"https:\/\/xn--seelenglck-heb.com\/?page_id=176","title":{"rendered":"Loslassen"},"content":{"rendered":"\t\t<div data-elementor-type=\"wp-page\" data-elementor-id=\"176\" class=\"elementor elementor-176\" data-elementor-post-type=\"page\">\n\t\t\t\t<div class=\"elementor-element elementor-element-3828b28 e-con-full e-flex e-con e-parent\" data-id=\"3828b28\" data-element_type=\"container\" data-e-type=\"container\">\n\t\t<div class=\"elementor-element elementor-element-cb932ee e-con-full e-flex e-con e-child\" data-id=\"cb932ee\" data-element_type=\"container\" data-e-type=\"container\">\n\t\t<div class=\"elementor-element elementor-element-97e33f6 e-con-full e-flex e-con e-child\" data-id=\"97e33f6\" data-element_type=\"container\" data-e-type=\"container\">\n\t\t\t\t<div class=\"elementor-element elementor-element-5b7fd0a elementor-hidden-mobile elementor-widget elementor-widget-spacer\" data-id=\"5b7fd0a\" data-element_type=\"widget\" data-e-type=\"widget\" data-widget_type=\"spacer.default\">\n\t\t\t\t\t\t\t<div class=\"elementor-spacer\">\n\t\t\t<div class=\"elementor-spacer-inner\"><\/div>\n\t\t<\/div>\n\t\t\t\t\t\t<\/div>\n\t\t\t\t<div class=\"elementor-element elementor-element-9dafa43 elementor-widget elementor-widget-image\" data-id=\"9dafa43\" data-element_type=\"widget\" data-e-type=\"widget\" data-widget_type=\"image.default\">\n\t\t\t\t\t\t\t\t\t\t\t\t\t\t\t<img fetchpriority=\"high\" decoding=\"async\" width=\"684\" height=\"1024\" src=\"https:\/\/xn--seelenglck-heb.com\/wp-content\/uploads\/2026\/01\/Ich-sage-JA-zu-mir-selbst-684x1024.jpg\" class=\"attachment-large size-large wp-image-54\" alt=\"Ich sage JA zu mir selbst\" srcset=\"https:\/\/xn--seelenglck-heb.com\/wp-content\/uploads\/2026\/01\/Ich-sage-JA-zu-mir-selbst-684x1024.jpg 684w, https:\/\/xn--seelenglck-heb.com\/wp-content\/uploads\/2026\/01\/Ich-sage-JA-zu-mir-selbst-200x300.jpg 200w, https:\/\/xn--seelenglck-heb.com\/wp-content\/uploads\/2026\/01\/Ich-sage-JA-zu-mir-selbst-768x1150.jpg 768w, https:\/\/xn--seelenglck-heb.com\/wp-content\/uploads\/2026\/01\/Ich-sage-JA-zu-mir-selbst.jpg 1000w\" sizes=\"(max-width: 684px) 100vw, 684px\" \/>\t\t\t\t\t\t\t\t\t\t\t\t\t\t\t<\/div>\n\t\t\t\t<\/div>\n\t\t\t\t<\/div>\n\t\t<div class=\"elementor-element elementor-element-53b42a5 e-con-full e-flex e-con e-child\" data-id=\"53b42a5\" data-element_type=\"container\" data-e-type=\"container\">\n\t\t<div class=\"elementor-element elementor-element-876e563 e-con-full e-flex e-con e-child\" data-id=\"876e563\" data-element_type=\"container\" data-e-type=\"container\">\n\t\t\t\t<div class=\"elementor-element elementor-element-1c16818 elementor-widget-divider--view-line elementor-widget elementor-widget-divider\" data-id=\"1c16818\" data-element_type=\"widget\" data-e-type=\"widget\" data-widget_type=\"divider.default\">\n\t\t\t\t\t\t\t<div class=\"elementor-divider\">\n\t\t\t<span class=\"elementor-divider-separator\">\n\t\t\t\t\t\t<\/span>\n\t\t<\/div>\n\t\t\t\t\t\t<\/div>\n\t\t\t\t<div class=\"elementor-element elementor-element-3dada8a elementor-widget elementor-widget-text-editor\" data-id=\"3dada8a\" data-element_type=\"widget\" data-e-type=\"widget\" data-widget_type=\"text-editor.default\">\n\t\t\t\t\t\t\t\t\t<h1>&#8222;Loslassen&#8220;<\/h1><p>\u201eNeues\u201c kann sich nur entwickeln, wenn Platz daf\u00fcr da ist. Und genauso, wie wir unser B\u00fcro, unser Zimmer, unser Haus aufr\u00e4umen, um Platz zu schaffen, m\u00fcssen wIr unser Inneres aufr\u00e4umen, um Platz f\u00fcr pers\u00f6nliche Entwicklung zu schaffen &#8211; z. B. in Bezug auf Beruf, Karriere, Gesundheit, Partnerschaft, Gl\u00fcck, Kontakt zu Kindern, etc.<\/p><p>Ich werde innerlich nur frei, wenn ich Altes wirklich \u201elos-lassen\u201c kann. Solange ich in alten Verhaltensmustern, also z. B. in Vorw\u00fcrfen an meine Eltern, Geschwister, Lehrer, alte Kollegen &amp; Vorgesetzte, alte Beziehungen etc. gefangen bin, wird Entwicklung (meiner Erfahrung nach) nicht m\u00f6glich sein. Vielleicht kennt das der Eine oder andere von Euch &#8211; dann drehen wir uns im Kreis. Und Erfahrungen wiederholen sich &#8211; immer und immer wieder.<\/p>\t\t\t\t\t\t\t\t<\/div>\n\t\t\t\t<\/div>\n\t\t<div class=\"elementor-element elementor-element-d432bba e-con-full e-flex e-con e-child\" data-id=\"d432bba\" data-element_type=\"container\" data-e-type=\"container\">\n\t\t\t\t<div class=\"elementor-element elementor-element-781c9d4 elementor-widget elementor-widget-text-editor\" data-id=\"781c9d4\" data-element_type=\"widget\" data-e-type=\"widget\" data-widget_type=\"text-editor.default\">\n\t\t\t\t\t\t\t\t\t<center><\/center><hr style=\"border: 0; border-top: 1px solid #ccc; margin: 1em 0;\" \/><h2>\u201eJA sagen zu dem, was ist!\u201c<\/h2><hr style=\"border: 0; border-top: 1px solid #ccc; margin: 1em 0;\" \/>\t\t\t\t\t\t\t\t<\/div>\n\t\t\t\t<\/div>\n\t\t\t\t<div class=\"elementor-element elementor-element-007e06e elementor-widget elementor-widget-text-editor\" data-id=\"007e06e\" data-element_type=\"widget\" data-e-type=\"widget\" data-widget_type=\"text-editor.default\">\n\t\t\t\t\t\t\t\t\t<p>\u201eJa sagen\u201c &#8211; das h\u00f6rt sich so einfach an. Aber es ist ein Prozess, der sich auch schon mal \u00fcber Jahre ziehen kann. Das ist aber gar nicht schlimm! Denn sobald mir selbst bewusst wird, an welchen Punkten ich noch \u201eh\u00e4nge\u201c, dann durchschauen wir die Prozesse &#8211; und lernen, \u00fcber uns selbst zu Schmunzeln.<\/p>\t\t\t\t\t\t\t\t<\/div>\n\t\t\t\t<div class=\"elementor-element elementor-element-91e1bb7 elementor-widget elementor-widget-text-editor\" data-id=\"91e1bb7\" data-element_type=\"widget\" data-e-type=\"widget\" data-widget_type=\"text-editor.default\">\n\t\t\t\t\t\t\t\t\t<center><\/center><hr style=\"border: 0; border-top: 1px solid #ccc; margin: 1em 0;\" \/><h2>&#8222;Manchmal h\u00e4ngen wir auch noch an Menschen, die verstorben sind.&#8220;<\/h2><hr style=\"border: 0; border-top: 1px solid #ccc; margin: 1em 0;\" \/>\t\t\t\t\t\t\t\t<\/div>\n\t\t\t\t<div class=\"elementor-element elementor-element-3491870 elementor-widget elementor-widget-text-editor\" data-id=\"3491870\" data-element_type=\"widget\" data-e-type=\"widget\" data-widget_type=\"text-editor.default\">\n\t\t\t\t\t\t\t\t\t<p>Solange wir jedoch nach einer Ehe oder Partnerschaft nicht ganz, nicht vollst\u00e4ndig losgelassen haben, ist diese Stelle an unserer Seite nicht wirklich frei. Und solange dort noch \u201eEtwas\u201c ist, werden wir nicht den Partner \/ die Partnerin finden (k\u00f6nnen), der\/die unserer Seele gut tut.<\/p><p>\u201eLos-lassen&#8220; f\u00e4llt Dir schwer? <a href=\"https:\/\/xn--seelenglck-heb.com\/?page_id=193\">Meine Buch-Tipps<\/a> findest Du hier. Und dann k\u00f6nnte \u201eSeelenGl\u00fcck\u201c Dir helfen, innerlich Platz zu schaffen f\u00fcr pers\u00f6nliche Entwicklung.<\/p><p>Der Blick\u2019 auf\u2019s Wasser hat viel mit Sehnsucht, Unendlichkeit, Freiheit und \u201ezur Ruhe kommen\u201c zu tun &#8211; ruf\u2019 mich an: <a href=\"tel:+491638811800\">0163\/8811800<\/a>.<\/p>\t\t\t\t\t\t\t\t<\/div>\n\t\t\t\t<\/div>\n\t\t\t\t<\/div>\n\t\t<div class=\"elementor-element elementor-element-703a2c9 e-con-full elementor-hidden-desktop elementor-hidden-tablet elementor-hidden-mobile e-flex e-con e-parent\" data-id=\"703a2c9\" data-element_type=\"container\" data-e-type=\"container\">\n\t\t<div class=\"elementor-element elementor-element-f6926c5 e-flex e-con-boxed e-con e-child\" data-id=\"f6926c5\" data-element_type=\"container\" data-e-type=\"container\">\n\t\t\t\t\t<div class=\"e-con-inner\">\n\t\t\t\t<div class=\"elementor-element elementor-element-3dd4e4b elementor-hidden-mobile elementor-widget elementor-widget-spacer\" data-id=\"3dd4e4b\" data-element_type=\"widget\" data-e-type=\"widget\" data-widget_type=\"spacer.default\">\n\t\t\t\t\t\t\t<div class=\"elementor-spacer\">\n\t\t\t<div class=\"elementor-spacer-inner\"><\/div>\n\t\t<\/div>\n\t\t\t\t\t\t<\/div>\n\t\t\t\t<div class=\"elementor-element elementor-element-f70d2bf elementor-widget elementor-widget-image\" data-id=\"f70d2bf\" data-element_type=\"widget\" data-e-type=\"widget\" data-widget_type=\"image.default\">\n\t\t\t\t\t\t\t\t\t\t\t\t\t\t\t<img fetchpriority=\"high\" decoding=\"async\" width=\"684\" height=\"1024\" src=\"https:\/\/xn--seelenglck-heb.com\/wp-content\/uploads\/2026\/01\/Ich-sage-JA-zu-mir-selbst-684x1024.jpg\" class=\"attachment-large size-large wp-image-54\" alt=\"Ich sage JA zu mir selbst\" srcset=\"https:\/\/xn--seelenglck-heb.com\/wp-content\/uploads\/2026\/01\/Ich-sage-JA-zu-mir-selbst-684x1024.jpg 684w, https:\/\/xn--seelenglck-heb.com\/wp-content\/uploads\/2026\/01\/Ich-sage-JA-zu-mir-selbst-200x300.jpg 200w, https:\/\/xn--seelenglck-heb.com\/wp-content\/uploads\/2026\/01\/Ich-sage-JA-zu-mir-selbst-768x1150.jpg 768w, https:\/\/xn--seelenglck-heb.com\/wp-content\/uploads\/2026\/01\/Ich-sage-JA-zu-mir-selbst.jpg 1000w\" sizes=\"(max-width: 684px) 100vw, 684px\" \/>\t\t\t\t\t\t\t\t\t\t\t\t\t\t\t<\/div>\n\t\t\t\t\t<\/div>\n\t\t\t\t<\/div>\n\t\t<div class=\"elementor-element elementor-element-ebe7be7 e-con-full e-flex e-con e-child\" data-id=\"ebe7be7\" data-element_type=\"container\" data-e-type=\"container\">\n\t\t<div class=\"elementor-element elementor-element-e7b1bb4 e-con-full e-flex e-con e-child\" data-id=\"e7b1bb4\" data-element_type=\"container\" data-e-type=\"container\">\n\t\t\t\t<div class=\"elementor-element elementor-element-0ca5ff2 elementor-widget elementor-widget-text-editor\" data-id=\"0ca5ff2\" data-element_type=\"widget\" data-e-type=\"widget\" data-widget_type=\"text-editor.default\">\n\t\t\t\t\t\t\t\t\t<h1>&#8222;Loslassen&#8220;<\/h1><p>\u201eNeues\u201c kann sich nur entwickeln, wenn Platz daf\u00fcr da ist. Und genauso, wie wir unser B\u00fcro, unser Zimmer, unser Haus aufr\u00e4umen, um Platz zu schaffen, m\u00fcssen wIr unser Inneres aufr\u00e4umen, um Platz f\u00fcr pers\u00f6nliche Entwicklung zu schaffen &#8211; z. B. in Bezug auf Beruf, Karriere, Gesundheit, Partnerschaft, Gl\u00fcck, Kontakt zu Kindern, etc.<\/p><p>Ich werde innerlich nur frei, wenn ich Altes wirklich \u201elos-lassen\u201c kann. Solange ich in alten Verhaltensmustern, also z. B. in Vorw\u00fcrfen an meine Eltern, Geschwister, Lehrer, alte Kollegen &amp; Vorgesetzte, alte Beziehungen etc. gefangen bin, wird Entwicklung (meiner Erfahrung nach) nicht m\u00f6glich sein. Vielleicht kennt das der Eine oder andere von Euch &#8211; dann drehen wir uns im Kreis. Und Erfahrungen wiederholen sich &#8211; immer und immer wieder.<\/p>\t\t\t\t\t\t\t\t<\/div>\n\t\t\t\t<\/div>\n\t\t<div class=\"elementor-element elementor-element-339d0f9 e-con-full e-flex e-con e-child\" data-id=\"339d0f9\" data-element_type=\"container\" data-e-type=\"container\">\n\t\t\t\t<div class=\"elementor-element elementor-element-e795b33 elementor-widget elementor-widget-text-editor\" data-id=\"e795b33\" data-element_type=\"widget\" data-e-type=\"widget\" data-widget_type=\"text-editor.default\">\n\t\t\t\t\t\t\t\t\t<center><\/center>\n\n<hr style=\"border: 0; border-top: 1px solid #ccc; margin: 1em 0;\">\n\n<h2>\u201eJA sagen zu dem, was ist!\u201c<\/h2>\n\n<hr style=\"border: 0; border-top: 1px solid #ccc; margin: 1em 0;\">\t\t\t\t\t\t\t\t<\/div>\n\t\t\t\t<div class=\"elementor-element elementor-element-135d5ae elementor-widget elementor-widget-text-editor\" data-id=\"135d5ae\" data-element_type=\"widget\" data-e-type=\"widget\" data-widget_type=\"text-editor.default\">\n\t\t\t\t\t\t\t\t\t<p>\u201eJa sagen\u201c &#8211; das h\u00f6rt sich so einfach an. Aber es ist ein Prozess, der sich auch schon mal \u00fcber Jahre ziehen kann. Das ist aber gar nicht schlimm! Denn sobald mir selbst bewusst wird, an welchen Punkten ich noch \u201eh\u00e4nge\u201c, dann durchschauen wir die Prozesse &#8211; und lernen, \u00fcber uns selbst zu Schmunzeln.<\/p>\t\t\t\t\t\t\t\t<\/div>\n\t\t\t\t<div class=\"elementor-element elementor-element-2f907e6 elementor-widget elementor-widget-text-editor\" data-id=\"2f907e6\" data-element_type=\"widget\" data-e-type=\"widget\" data-widget_type=\"text-editor.default\">\n\t\t\t\t\t\t\t\t\t<center><\/center>\n\n<hr style=\"border: 0; border-top: 1px solid #ccc; margin: 1em 0;\">\n<h2>&#8222;Manchmal h\u00e4ngen wir auch noch an Menschen, die verstorben sind.&#8220;<\/h2>\n\n<hr style=\"border: 0; border-top: 1px solid #ccc; margin: 1em 0;\">\t\t\t\t\t\t\t\t<\/div>\n\t\t\t\t<div class=\"elementor-element elementor-element-dd8784f elementor-widget elementor-widget-text-editor\" data-id=\"dd8784f\" data-element_type=\"widget\" data-e-type=\"widget\" data-widget_type=\"text-editor.default\">\n\t\t\t\t\t\t\t\t\t<p>Solange wir jedoch nach einer Ehe oder Partnerschaft nicht ganz, nicht vollst\u00e4ndig losgelassen haben, ist diese Stelle an unserer Seite nicht wirklich frei. Und solange dort noch \u201eEtwas\u201c ist, werden wir nicht den Partner \/ die Partnerin finden (k\u00f6nnen), der\/die unserer Seele gut tut.<\/p><p>\u201eLos-lassen&#8220; f\u00e4llt Dir schwer? <a href=\"https:\/\/xn--seelenglck-heb.com\/?page_id=193\">Meine Buch-Tipps<\/a> findest Du hier. Und dann k\u00f6nnte \u201eSeelenGl\u00fcck\u201c Dir helfen, innerlich Platz zu schaffen f\u00fcr pers\u00f6nliche Entwicklung.<\/p><p>Der Blick\u2019 auf\u2019s Wasser hat viel mit Sehnsucht, Unendlichkeit, Freiheit und \u201ezur Ruhe kommen\u201c zu tun &#8211; ruf\u2019 mich an: <a href=\"tel:+491638811800\">0163\/8811800<\/a>.<\/p>\t\t\t\t\t\t\t\t<\/div>\n\t\t\t\t<\/div>\n\t\t\t\t<\/div>\n\t\t\t\t<\/div>\n\t\t\t\t<\/div>\n\t\t","protected":false},"excerpt":{"rendered":"<p>&#8222;Loslassen&#8220; \u201eNeues\u201c kann sich nur entwickeln, wenn Platz daf\u00fcr da ist. Und genauso, wie wir unser B\u00fcro, unser Zimmer, unser Haus aufr\u00e4umen, um Platz zu schaffen, m\u00fcssen wIr unser Inneres aufr\u00e4umen, um Platz f\u00fcr pers\u00f6nliche Entwicklung zu schaffen &#8211; z. B. in Bezug auf Beruf, Karriere, Gesundheit, Partnerschaft, Gl\u00fcck, Kontakt zu Kindern, etc. Ich werde [&hellip;]<\/p>\n","protected":false},"author":1,"featured_media":0,"parent":0,"menu_order":0,"comment_status":"closed","ping_status":"closed","template":"","meta":{"footnotes":""},"class_list":["post-176","page","type-page","status-publish","hentry"],"yoast_head":"<!-- This site is optimized with the Yoast SEO plugin v27.2 - https:\/\/yoast.com\/product\/yoast-seo-wordpress\/ -->\n<title>Loslassen - Seelengl\u00fcck<\/title>\n<meta name=\"description\" content=\"Ich werde innerlich nur frei, wenn ich Altes wirklich \u201eloslassen\u201c kann. Meine Erfahrungen zum loslassen stelle ich hier vor\" \/>\n<meta name=\"robots\" content=\"index, follow, max-snippet:-1, max-image-preview:large, max-video-preview:-1\" \/>\n<link rel=\"canonical\" href=\"https:\/\/xn--seelenglck-heb.com\/?page_id=176\" \/>\n<meta property=\"og:locale\" content=\"de_DE\" \/>\n<meta property=\"og:type\" content=\"article\" \/>\n<meta property=\"og:title\" content=\"Loslassen - Seelengl\u00fcck\" \/>\n<meta property=\"og:description\" content=\"Ich werde innerlich nur frei, wenn ich Altes wirklich \u201eloslassen\u201c kann. Meine Erfahrungen zum loslassen stelle ich hier vor\" \/>\n<meta property=\"og:url\" content=\"https:\/\/xn--seelenglck-heb.com\/?page_id=176\" \/>\n<meta property=\"og:site_name\" content=\"Seelengl\u00fcck\" \/>\n<meta property=\"article:modified_time\" content=\"2026-03-06T09:29:19+00:00\" \/>\n<meta property=\"og:image\" content=\"https:\/\/xn--seelenglck-heb.com\/wp-content\/uploads\/2026\/01\/Ich-sage-JA-zu-mir-selbst.jpg\" \/>\n\t<meta property=\"og:image:width\" content=\"1000\" \/>\n\t<meta property=\"og:image:height\" content=\"1498\" \/>\n\t<meta property=\"og:image:type\" content=\"image\/jpeg\" \/>\n<meta name=\"twitter:card\" content=\"summary_large_image\" \/>\n<meta name=\"twitter:label1\" content=\"Gesch\u00e4tzte Lesezeit\" \/>\n\t<meta name=\"twitter:data1\" content=\"4\u00a0Minuten\" \/>\n<script type=\"application\/ld+json\" class=\"yoast-schema-graph\">{\"@context\":\"https:\/\/schema.org\",\"@graph\":[{\"@type\":\"WebPage\",\"@id\":\"https:\/\/xn--seelenglck-heb.com\/?page_id=176\",\"url\":\"https:\/\/xn--seelenglck-heb.com\/?page_id=176\",\"name\":\"Loslassen - Seelengl\u00fcck\",\"isPartOf\":{\"@id\":\"https:\/\/xn--seelenglck-heb.com\/#website\"},\"primaryImageOfPage\":{\"@id\":\"https:\/\/xn--seelenglck-heb.com\/?page_id=176#primaryimage\"},\"image\":{\"@id\":\"https:\/\/xn--seelenglck-heb.com\/?page_id=176#primaryimage\"},\"thumbnailUrl\":\"https:\/\/xn--seelenglck-heb.com\/wp-content\/uploads\/2026\/01\/Ich-sage-JA-zu-mir-selbst-684x1024.jpg\",\"datePublished\":\"2026-01-25T19:44:01+00:00\",\"dateModified\":\"2026-03-06T09:29:19+00:00\",\"description\":\"Ich werde innerlich nur frei, wenn ich Altes wirklich \u201eloslassen\u201c kann. Meine Erfahrungen zum loslassen stelle ich hier vor\",\"breadcrumb\":{\"@id\":\"https:\/\/xn--seelenglck-heb.com\/?page_id=176#breadcrumb\"},\"inLanguage\":\"de\",\"potentialAction\":[{\"@type\":\"ReadAction\",\"target\":[\"https:\/\/xn--seelenglck-heb.com\/?page_id=176\"]}]},{\"@type\":\"ImageObject\",\"inLanguage\":\"de\",\"@id\":\"https:\/\/xn--seelenglck-heb.com\/?page_id=176#primaryimage\",\"url\":\"https:\/\/xn--seelenglck-heb.com\/wp-content\/uploads\/2026\/01\/Ich-sage-JA-zu-mir-selbst.jpg\",\"contentUrl\":\"https:\/\/xn--seelenglck-heb.com\/wp-content\/uploads\/2026\/01\/Ich-sage-JA-zu-mir-selbst.jpg\",\"width\":1000,\"height\":1498,\"caption\":\"Ich sage JA zu mir selbst\"},{\"@type\":\"BreadcrumbList\",\"@id\":\"https:\/\/xn--seelenglck-heb.com\/?page_id=176#breadcrumb\",\"itemListElement\":[{\"@type\":\"ListItem\",\"position\":1,\"name\":\"Start\",\"item\":\"https:\/\/xn--seelenglck-heb.com\/\"},{\"@type\":\"ListItem\",\"position\":2,\"name\":\"Loslassen\"}]},{\"@type\":\"WebSite\",\"@id\":\"https:\/\/xn--seelenglck-heb.com\/#website\",\"url\":\"https:\/\/xn--seelenglck-heb.com\/\",\"name\":\"Seelengl\u00fcck\",\"description\":\"Dein Weg zum Seelengl\u00fcck\",\"publisher\":{\"@id\":\"https:\/\/xn--seelenglck-heb.com\/#organization\"},\"potentialAction\":[{\"@type\":\"SearchAction\",\"target\":{\"@type\":\"EntryPoint\",\"urlTemplate\":\"https:\/\/xn--seelenglck-heb.com\/?s={search_term_string}\"},\"query-input\":{\"@type\":\"PropertyValueSpecification\",\"valueRequired\":true,\"valueName\":\"search_term_string\"}}],\"inLanguage\":\"de\"},{\"@type\":\"Organization\",\"@id\":\"https:\/\/xn--seelenglck-heb.com\/#organization\",\"name\":\"Seelengl\u00fcck\",\"url\":\"https:\/\/xn--seelenglck-heb.com\/\",\"logo\":{\"@type\":\"ImageObject\",\"inLanguage\":\"de\",\"@id\":\"https:\/\/xn--seelenglck-heb.com\/#\/schema\/logo\/image\/\",\"url\":\"https:\/\/xn--seelenglck-heb.com\/wp-content\/uploads\/2026\/01\/logo-no-back-white.png\",\"contentUrl\":\"https:\/\/xn--seelenglck-heb.com\/wp-content\/uploads\/2026\/01\/logo-no-back-white.png\",\"width\":1877,\"height\":277,\"caption\":\"Seelengl\u00fcck\"},\"image\":{\"@id\":\"https:\/\/xn--seelenglck-heb.com\/#\/schema\/logo\/image\/\"},\"sameAs\":[\"https:\/\/www.linkedin.com\/in\/hell-und-dunkel\/\"]}]}<\/script>\n<!-- \/ Yoast SEO plugin. -->","yoast_head_json":{"title":"Loslassen - Seelengl\u00fcck","description":"Ich werde innerlich nur frei, wenn ich Altes wirklich \u201eloslassen\u201c kann. Meine Erfahrungen zum loslassen stelle ich hier vor","robots":{"index":"index","follow":"follow","max-snippet":"max-snippet:-1","max-image-preview":"max-image-preview:large","max-video-preview":"max-video-preview:-1"},"canonical":"https:\/\/xn--seelenglck-heb.com\/?page_id=176","og_locale":"de_DE","og_type":"article","og_title":"Loslassen - Seelengl\u00fcck","og_description":"Ich werde innerlich nur frei, wenn ich Altes wirklich \u201eloslassen\u201c kann. Meine Erfahrungen zum loslassen stelle ich hier vor","og_url":"https:\/\/xn--seelenglck-heb.com\/?page_id=176","og_site_name":"Seelengl\u00fcck","article_modified_time":"2026-03-06T09:29:19+00:00","og_image":[{"width":1000,"height":1498,"url":"https:\/\/xn--seelenglck-heb.com\/wp-content\/uploads\/2026\/01\/Ich-sage-JA-zu-mir-selbst.jpg","type":"image\/jpeg"}],"twitter_card":"summary_large_image","twitter_misc":{"Gesch\u00e4tzte Lesezeit":"4\u00a0Minuten"},"schema":{"@context":"https:\/\/schema.org","@graph":[{"@type":"WebPage","@id":"https:\/\/xn--seelenglck-heb.com\/?page_id=176","url":"https:\/\/xn--seelenglck-heb.com\/?page_id=176","name":"Loslassen - Seelengl\u00fcck","isPartOf":{"@id":"https:\/\/xn--seelenglck-heb.com\/#website"},"primaryImageOfPage":{"@id":"https:\/\/xn--seelenglck-heb.com\/?page_id=176#primaryimage"},"image":{"@id":"https:\/\/xn--seelenglck-heb.com\/?page_id=176#primaryimage"},"thumbnailUrl":"https:\/\/xn--seelenglck-heb.com\/wp-content\/uploads\/2026\/01\/Ich-sage-JA-zu-mir-selbst-684x1024.jpg","datePublished":"2026-01-25T19:44:01+00:00","dateModified":"2026-03-06T09:29:19+00:00","description":"Ich werde innerlich nur frei, wenn ich Altes wirklich \u201eloslassen\u201c kann. Meine Erfahrungen zum loslassen stelle ich hier vor","breadcrumb":{"@id":"https:\/\/xn--seelenglck-heb.com\/?page_id=176#breadcrumb"},"inLanguage":"de","potentialAction":[{"@type":"ReadAction","target":["https:\/\/xn--seelenglck-heb.com\/?page_id=176"]}]},{"@type":"ImageObject","inLanguage":"de","@id":"https:\/\/xn--seelenglck-heb.com\/?page_id=176#primaryimage","url":"https:\/\/xn--seelenglck-heb.com\/wp-content\/uploads\/2026\/01\/Ich-sage-JA-zu-mir-selbst.jpg","contentUrl":"https:\/\/xn--seelenglck-heb.com\/wp-content\/uploads\/2026\/01\/Ich-sage-JA-zu-mir-selbst.jpg","width":1000,"height":1498,"caption":"Ich sage JA zu mir selbst"},{"@type":"BreadcrumbList","@id":"https:\/\/xn--seelenglck-heb.com\/?page_id=176#breadcrumb","itemListElement":[{"@type":"ListItem","position":1,"name":"Start","item":"https:\/\/xn--seelenglck-heb.com\/"},{"@type":"ListItem","position":2,"name":"Loslassen"}]},{"@type":"WebSite","@id":"https:\/\/xn--seelenglck-heb.com\/#website","url":"https:\/\/xn--seelenglck-heb.com\/","name":"Seelengl\u00fcck","description":"Dein Weg zum Seelengl\u00fcck","publisher":{"@id":"https:\/\/xn--seelenglck-heb.com\/#organization"},"potentialAction":[{"@type":"SearchAction","target":{"@type":"EntryPoint","urlTemplate":"https:\/\/xn--seelenglck-heb.com\/?s={search_term_string}"},"query-input":{"@type":"PropertyValueSpecification","valueRequired":true,"valueName":"search_term_string"}}],"inLanguage":"de"},{"@type":"Organization","@id":"https:\/\/xn--seelenglck-heb.com\/#organization","name":"Seelengl\u00fcck","url":"https:\/\/xn--seelenglck-heb.com\/","logo":{"@type":"ImageObject","inLanguage":"de","@id":"https:\/\/xn--seelenglck-heb.com\/#\/schema\/logo\/image\/","url":"https:\/\/xn--seelenglck-heb.com\/wp-content\/uploads\/2026\/01\/logo-no-back-white.png","contentUrl":"https:\/\/xn--seelenglck-heb.com\/wp-content\/uploads\/2026\/01\/logo-no-back-white.png","width":1877,"height":277,"caption":"Seelengl\u00fcck"},"image":{"@id":"https:\/\/xn--seelenglck-heb.com\/#\/schema\/logo\/image\/"},"sameAs":["https:\/\/www.linkedin.com\/in\/hell-und-dunkel\/"]}]}},"_links":{"self":[{"href":"https:\/\/xn--seelenglck-heb.com\/index.php?rest_route=\/wp\/v2\/pages\/176","targetHints":{"allow":["GET"]}}],"collection":[{"href":"https:\/\/xn--seelenglck-heb.com\/index.php?rest_route=\/wp\/v2\/pages"}],"about":[{"href":"https:\/\/xn--seelenglck-heb.com\/index.php?rest_route=\/wp\/v2\/types\/page"}],"author":[{"embeddable":true,"href":"https:\/\/xn--seelenglck-heb.com\/index.php?rest_route=\/wp\/v2\/users\/1"}],"replies":[{"embeddable":true,"href":"https:\/\/xn--seelenglck-heb.com\/index.php?rest_route=%2Fwp%2Fv2%2Fcomments&post=176"}],"version-history":[{"count":38,"href":"https:\/\/xn--seelenglck-heb.com\/index.php?rest_route=\/wp\/v2\/pages\/176\/revisions"}],"predecessor-version":[{"id":734,"href":"https:\/\/xn--seelenglck-heb.com\/index.php?rest_route=\/wp\/v2\/pages\/176\/revisions\/734"}],"wp:attachment":[{"href":"https:\/\/xn--seelenglck-heb.com\/index.php?rest_route=%2Fwp%2Fv2%2Fmedia&parent=176"}],"curies":[{"name":"wp","href":"https:\/\/api.w.org\/{rel}","templated":true}]}}