{"id":170,"date":"2026-01-25T19:41:55","date_gmt":"2026-01-25T19:41:55","guid":{"rendered":"https:\/\/xn--seelenglck-heb.com\/?page_id=170"},"modified":"2026-02-03T19:38:47","modified_gmt":"2026-02-03T19:38:47","slug":"barrierefreiheitserklaerung","status":"publish","type":"page","link":"https:\/\/xn--seelenglck-heb.com\/?page_id=170","title":{"rendered":"Barrierefreiheitserkl\u00e4rung"},"content":{"rendered":"\t\t<div data-elementor-type=\"wp-page\" data-elementor-id=\"170\" class=\"elementor elementor-170\" data-elementor-post-type=\"page\">\n\t\t\t\t<div class=\"elementor-element elementor-element-1059d3df e-flex e-con-boxed e-con e-parent\" data-id=\"1059d3df\" data-element_type=\"container\" data-e-type=\"container\">\n\t\t\t\t\t<div class=\"e-con-inner\">\n\t\t\t\t<div class=\"elementor-element elementor-element-109ab6a4 elementor-widget elementor-widget-text-editor\" data-id=\"109ab6a4\" data-element_type=\"widget\" data-e-type=\"widget\" data-widget_type=\"text-editor.default\">\n\t\t\t\t\t\t\t\t\t<h1>Barrierefreiheitserkl\u00e4rung<\/h1><p><strong>Stand der Erkl\u00e4rung:<\/strong> 26. Januar 2026<\/p><p><strong>Geltungsbereich:<\/strong> Diese Erkl\u00e4rung zur Barrierefreiheit gilt f\u00fcr die Webseite www.seelengl\u00fcck.com (inkl. Unterseiten).<\/p><p>Seelengl\u00fcck ist mit weniger als 10 Mitarbeitern und entsprechendem Umsatz von der Verpflichtung der Barrierefreiheit zwar befreit, ist aber dennoch bem\u00fcht, die Webseite www.seelengl\u00fcck.com inkl. aller Unterseiten barrierefrei zu gestalten, weil wir gro\u00dfen Wert auf Inklusion legen.<\/p><p>Dies geschieht im Einklang mit dem Gesetz des Landes Nordrhein-Westfalen zur Gleichstellung von Menschen mit Behinderung (Behindertengleichstellungsgesetz Nordrhein-Westfalen \u2013 BGG NRW) und der Verordnung zur Schaffung barrierefreier Informationstechnik nach dem Behindertengleichstellungsgesetz Nordrhein-Westfalen (Barrierefreie-Informationstechnik-Verordnung Nordrhein-Westfalen \u2013 BITVNRW) zur Umsetzung der Richtlinie (EU) 2016\/2102 des Europ\u00e4ischen Parlaments und des Rates.<\/p><h2>Rechtsgrundlage der Barrierefreiheit<\/h2><p>Diese Erkl\u00e4rung zur digitalen Barrierefreiheit entspricht den Anforderungen des \u00a7 12a Behindertengleichstellungsgesetz (BGG) in Verbindung mit der Barrierefreie-Informationstechnik-Verordnung (BITV 2.0).<\/p><h2>Stand der Vereinbarkeit mit den Anforderungen zur Barrierefreiheit<\/h2><p>Diese Website ist teilweise mit den Anforderungen der BITV 2.0 vereinbar. So wurden bisher Texte hinsichtlich Struktur, \u00dcberschriften und Inhalte optimiert sowie die vorhandenen Bilder und Grafiken weitgehend mit beschreibenden Alternativtexten erg\u00e4nzt, so dass sie barrierefrei werden.<\/p><p><strong>Nicht barrierefrei sind aktuell unter anderem:<\/strong><\/p><ul><li>Kontraste und Tastaturbedienbarkeit einzelner Seitenelemente. WCAG: 1.4.3<\/li><\/ul><p>Die identifizierten Defizite und M\u00e4ngel befinden sich aktuell in einem kontinuierlichen Verbesserungsprozess, der sukzessive abgearbeitet wird, so dass eine stetige Verbesserung eintritt. Folgende Inhalte der Website sind mit Stand dieser Erkl\u00e4rung bisher noch nicht barrierefrei, da sie nicht mit der zugrundeliegenden harmonisierten Norm EN 301 549 vereinbar sind:<\/p><h2>Erstellung dieser Erkl\u00e4rung<\/h2><p>Diese Erkl\u00e4rung wurde am 26.01.2026 erstellt. Die Grundlage f\u00fcr diese Erkl\u00e4rung ist eine Selbstbewertung, die wir vorgenommen haben, sodass unsere Seite f\u00fcr jeden optimiert werden kann.<\/p><h2>Feedback und Kontakt<\/h2><p>Weil wir nicht immer jede Stelle selbst finden, sind wir auch auf Ihre Hilfe angewiesen, sodass wir unsere Verbesserungen vornehmen k\u00f6nnen.<\/p><p>Sie m\u00f6chten auf Barrieren hinweisen oder Informationen in barrierefreier Form erhalten? Dann kontaktieren Sie uns:<\/p><ul><li>E-Mail: info@seelengl\u00fcck.com<\/li><li>Telefonisch: +49 (0) 163 \/ 881 18 00<\/li><li>Postalisch: Michael L\u00fcck, &lt;Adresse&gt; (D)<\/li><\/ul><p>Wir bem\u00fchen uns, Ihnen schnellstm\u00f6glich zu antworten.<\/p><h2>Schlichtungsverfahren<\/h2><p>Wenn auch nach Ihrem Feedback keine zufriedenstellende L\u00f6sung gefunden wurde, so k\u00f6nnen Sie sich an die Schlichtungsstelle nach dem Behindertengleichstellungsgesetz wenden:<\/p><p><strong>Schlichtungsstelle BGG<\/strong><br \/>bei dem Beauftragten der Bundesregierung f\u00fcr die Belange von Menschen mit Behinderungen<br \/>Mauerstra\u00dfe 53, 10117 Berlin<br \/>E-Mail: info@schlichtungsstelle-bgg.de<br \/>Webseite: www.schlichtungsstelle-bgg.de<\/p>\t\t\t\t\t\t\t\t<\/div>\n\t\t\t\t\t<\/div>\n\t\t\t\t<\/div>\n\t\t\t\t<\/div>\n\t\t","protected":false},"excerpt":{"rendered":"<p>Barrierefreiheitserkl\u00e4rung Stand der Erkl\u00e4rung: 26. Januar 2026 Geltungsbereich: Diese Erkl\u00e4rung zur Barrierefreiheit gilt f\u00fcr die Webseite www.seelengl\u00fcck.com (inkl. Unterseiten). Seelengl\u00fcck ist mit weniger als 10 Mitarbeitern und entsprechendem Umsatz von der Verpflichtung der Barrierefreiheit zwar befreit, ist aber dennoch bem\u00fcht, die Webseite www.seelengl\u00fcck.com inkl. aller Unterseiten barrierefrei zu gestalten, weil wir gro\u00dfen Wert auf Inklusion [&hellip;]<\/p>\n","protected":false},"author":1,"featured_media":0,"parent":0,"menu_order":0,"comment_status":"closed","ping_status":"closed","template":"","meta":{"footnotes":""},"class_list":["post-170","page","type-page","status-publish","hentry"],"yoast_head":"<!-- This site is optimized with the Yoast SEO plugin v27.2 - https:\/\/yoast.com\/product\/yoast-seo-wordpress\/ -->\n<title>Barrierefreiheitserkl\u00e4rung - Seelengl\u00fcck<\/title>\n<meta name=\"description\" content=\"Hier finden Sie die Barrierefreiheitserkl\u00e4rung unserer Webseite www.SeelenGl\u00fcck.com von Michael L\u00fcck - dein Weg zum Seelengl\u00fcck\" \/>\n<meta name=\"robots\" content=\"index, follow, max-snippet:-1, max-image-preview:large, max-video-preview:-1\" \/>\n<link rel=\"canonical\" href=\"https:\/\/xn--seelenglck-heb.com\/?page_id=170\" \/>\n<meta property=\"og:locale\" content=\"de_DE\" \/>\n<meta property=\"og:type\" content=\"article\" \/>\n<meta property=\"og:title\" content=\"Barrierefreiheitserkl\u00e4rung - Seelengl\u00fcck\" \/>\n<meta property=\"og:description\" content=\"Hier finden Sie die Barrierefreiheitserkl\u00e4rung unserer Webseite www.SeelenGl\u00fcck.com von Michael L\u00fcck - dein Weg zum Seelengl\u00fcck\" \/>\n<meta property=\"og:url\" content=\"https:\/\/xn--seelenglck-heb.com\/?page_id=170\" \/>\n<meta property=\"og:site_name\" content=\"Seelengl\u00fcck\" \/>\n<meta property=\"article:modified_time\" content=\"2026-02-03T19:38:47+00:00\" \/>\n<meta name=\"twitter:card\" content=\"summary_large_image\" \/>\n<meta name=\"twitter:label1\" content=\"Gesch\u00e4tzte Lesezeit\" \/>\n\t<meta name=\"twitter:data1\" content=\"3\u00a0Minuten\" \/>\n<script type=\"application\/ld+json\" class=\"yoast-schema-graph\">{\"@context\":\"https:\/\/schema.org\",\"@graph\":[{\"@type\":\"WebPage\",\"@id\":\"https:\/\/xn--seelenglck-heb.com\/?page_id=170\",\"url\":\"https:\/\/xn--seelenglck-heb.com\/?page_id=170\",\"name\":\"Barrierefreiheitserkl\u00e4rung - Seelengl\u00fcck\",\"isPartOf\":{\"@id\":\"https:\/\/xn--seelenglck-heb.com\/#website\"},\"datePublished\":\"2026-01-25T19:41:55+00:00\",\"dateModified\":\"2026-02-03T19:38:47+00:00\",\"description\":\"Hier finden Sie die Barrierefreiheitserkl\u00e4rung unserer Webseite www.SeelenGl\u00fcck.com von Michael L\u00fcck - dein Weg zum Seelengl\u00fcck\",\"breadcrumb\":{\"@id\":\"https:\/\/xn--seelenglck-heb.com\/?page_id=170#breadcrumb\"},\"inLanguage\":\"de\",\"potentialAction\":[{\"@type\":\"ReadAction\",\"target\":[\"https:\/\/xn--seelenglck-heb.com\/?page_id=170\"]}]},{\"@type\":\"BreadcrumbList\",\"@id\":\"https:\/\/xn--seelenglck-heb.com\/?page_id=170#breadcrumb\",\"itemListElement\":[{\"@type\":\"ListItem\",\"position\":1,\"name\":\"Start\",\"item\":\"https:\/\/xn--seelenglck-heb.com\/\"},{\"@type\":\"ListItem\",\"position\":2,\"name\":\"Barrierefreiheitserkl\u00e4rung\"}]},{\"@type\":\"WebSite\",\"@id\":\"https:\/\/xn--seelenglck-heb.com\/#website\",\"url\":\"https:\/\/xn--seelenglck-heb.com\/\",\"name\":\"Seelengl\u00fcck\",\"description\":\"Dein Weg zum Seelengl\u00fcck\",\"publisher\":{\"@id\":\"https:\/\/xn--seelenglck-heb.com\/#organization\"},\"potentialAction\":[{\"@type\":\"SearchAction\",\"target\":{\"@type\":\"EntryPoint\",\"urlTemplate\":\"https:\/\/xn--seelenglck-heb.com\/?s={search_term_string}\"},\"query-input\":{\"@type\":\"PropertyValueSpecification\",\"valueRequired\":true,\"valueName\":\"search_term_string\"}}],\"inLanguage\":\"de\"},{\"@type\":\"Organization\",\"@id\":\"https:\/\/xn--seelenglck-heb.com\/#organization\",\"name\":\"Seelengl\u00fcck\",\"url\":\"https:\/\/xn--seelenglck-heb.com\/\",\"logo\":{\"@type\":\"ImageObject\",\"inLanguage\":\"de\",\"@id\":\"https:\/\/xn--seelenglck-heb.com\/#\/schema\/logo\/image\/\",\"url\":\"https:\/\/xn--seelenglck-heb.com\/wp-content\/uploads\/2026\/01\/logo-no-back-white.png\",\"contentUrl\":\"https:\/\/xn--seelenglck-heb.com\/wp-content\/uploads\/2026\/01\/logo-no-back-white.png\",\"width\":1877,\"height\":277,\"caption\":\"Seelengl\u00fcck\"},\"image\":{\"@id\":\"https:\/\/xn--seelenglck-heb.com\/#\/schema\/logo\/image\/\"},\"sameAs\":[\"https:\/\/www.linkedin.com\/in\/hell-und-dunkel\/\"]}]}<\/script>\n<!-- \/ Yoast SEO plugin. -->","yoast_head_json":{"title":"Barrierefreiheitserkl\u00e4rung - Seelengl\u00fcck","description":"Hier finden Sie die Barrierefreiheitserkl\u00e4rung unserer Webseite www.SeelenGl\u00fcck.com von Michael L\u00fcck - dein Weg zum Seelengl\u00fcck","robots":{"index":"index","follow":"follow","max-snippet":"max-snippet:-1","max-image-preview":"max-image-preview:large","max-video-preview":"max-video-preview:-1"},"canonical":"https:\/\/xn--seelenglck-heb.com\/?page_id=170","og_locale":"de_DE","og_type":"article","og_title":"Barrierefreiheitserkl\u00e4rung - Seelengl\u00fcck","og_description":"Hier finden Sie die Barrierefreiheitserkl\u00e4rung unserer Webseite www.SeelenGl\u00fcck.com von Michael L\u00fcck - dein Weg zum Seelengl\u00fcck","og_url":"https:\/\/xn--seelenglck-heb.com\/?page_id=170","og_site_name":"Seelengl\u00fcck","article_modified_time":"2026-02-03T19:38:47+00:00","twitter_card":"summary_large_image","twitter_misc":{"Gesch\u00e4tzte Lesezeit":"3\u00a0Minuten"},"schema":{"@context":"https:\/\/schema.org","@graph":[{"@type":"WebPage","@id":"https:\/\/xn--seelenglck-heb.com\/?page_id=170","url":"https:\/\/xn--seelenglck-heb.com\/?page_id=170","name":"Barrierefreiheitserkl\u00e4rung - Seelengl\u00fcck","isPartOf":{"@id":"https:\/\/xn--seelenglck-heb.com\/#website"},"datePublished":"2026-01-25T19:41:55+00:00","dateModified":"2026-02-03T19:38:47+00:00","description":"Hier finden Sie die Barrierefreiheitserkl\u00e4rung unserer Webseite www.SeelenGl\u00fcck.com von Michael L\u00fcck - dein Weg zum Seelengl\u00fcck","breadcrumb":{"@id":"https:\/\/xn--seelenglck-heb.com\/?page_id=170#breadcrumb"},"inLanguage":"de","potentialAction":[{"@type":"ReadAction","target":["https:\/\/xn--seelenglck-heb.com\/?page_id=170"]}]},{"@type":"BreadcrumbList","@id":"https:\/\/xn--seelenglck-heb.com\/?page_id=170#breadcrumb","itemListElement":[{"@type":"ListItem","position":1,"name":"Start","item":"https:\/\/xn--seelenglck-heb.com\/"},{"@type":"ListItem","position":2,"name":"Barrierefreiheitserkl\u00e4rung"}]},{"@type":"WebSite","@id":"https:\/\/xn--seelenglck-heb.com\/#website","url":"https:\/\/xn--seelenglck-heb.com\/","name":"Seelengl\u00fcck","description":"Dein Weg zum Seelengl\u00fcck","publisher":{"@id":"https:\/\/xn--seelenglck-heb.com\/#organization"},"potentialAction":[{"@type":"SearchAction","target":{"@type":"EntryPoint","urlTemplate":"https:\/\/xn--seelenglck-heb.com\/?s={search_term_string}"},"query-input":{"@type":"PropertyValueSpecification","valueRequired":true,"valueName":"search_term_string"}}],"inLanguage":"de"},{"@type":"Organization","@id":"https:\/\/xn--seelenglck-heb.com\/#organization","name":"Seelengl\u00fcck","url":"https:\/\/xn--seelenglck-heb.com\/","logo":{"@type":"ImageObject","inLanguage":"de","@id":"https:\/\/xn--seelenglck-heb.com\/#\/schema\/logo\/image\/","url":"https:\/\/xn--seelenglck-heb.com\/wp-content\/uploads\/2026\/01\/logo-no-back-white.png","contentUrl":"https:\/\/xn--seelenglck-heb.com\/wp-content\/uploads\/2026\/01\/logo-no-back-white.png","width":1877,"height":277,"caption":"Seelengl\u00fcck"},"image":{"@id":"https:\/\/xn--seelenglck-heb.com\/#\/schema\/logo\/image\/"},"sameAs":["https:\/\/www.linkedin.com\/in\/hell-und-dunkel\/"]}]}},"_links":{"self":[{"href":"https:\/\/xn--seelenglck-heb.com\/index.php?rest_route=\/wp\/v2\/pages\/170","targetHints":{"allow":["GET"]}}],"collection":[{"href":"https:\/\/xn--seelenglck-heb.com\/index.php?rest_route=\/wp\/v2\/pages"}],"about":[{"href":"https:\/\/xn--seelenglck-heb.com\/index.php?rest_route=\/wp\/v2\/types\/page"}],"author":[{"embeddable":true,"href":"https:\/\/xn--seelenglck-heb.com\/index.php?rest_route=\/wp\/v2\/users\/1"}],"replies":[{"embeddable":true,"href":"https:\/\/xn--seelenglck-heb.com\/index.php?rest_route=%2Fwp%2Fv2%2Fcomments&post=170"}],"version-history":[{"count":9,"href":"https:\/\/xn--seelenglck-heb.com\/index.php?rest_route=\/wp\/v2\/pages\/170\/revisions"}],"predecessor-version":[{"id":540,"href":"https:\/\/xn--seelenglck-heb.com\/index.php?rest_route=\/wp\/v2\/pages\/170\/revisions\/540"}],"wp:attachment":[{"href":"https:\/\/xn--seelenglck-heb.com\/index.php?rest_route=%2Fwp%2Fv2%2Fmedia&parent=170"}],"curies":[{"name":"wp","href":"https:\/\/api.w.org\/{rel}","templated":true}]}}