{"id":165,"date":"2026-01-25T19:41:03","date_gmt":"2026-01-25T19:41:03","guid":{"rendered":"https:\/\/xn--seelenglck-heb.com\/?page_id=165"},"modified":"2026-03-26T19:59:22","modified_gmt":"2026-03-26T19:59:22","slug":"impressum","status":"publish","type":"page","link":"https:\/\/xn--seelenglck-heb.com\/?page_id=165","title":{"rendered":"Impressum"},"content":{"rendered":"\t\t<div data-elementor-type=\"wp-page\" data-elementor-id=\"165\" class=\"elementor elementor-165\" data-elementor-post-type=\"page\">\n\t\t\t\t<div class=\"elementor-element elementor-element-31adf8f6 e-flex e-con-boxed e-con e-parent\" data-id=\"31adf8f6\" data-element_type=\"container\" data-e-type=\"container\">\n\t\t\t\t\t<div class=\"e-con-inner\">\n\t\t\t\t<div class=\"elementor-element elementor-element-1909c72c elementor-widget elementor-widget-text-editor\" data-id=\"1909c72c\" data-element_type=\"widget\" data-e-type=\"widget\" data-widget_type=\"text-editor.default\">\n\t\t\t\t\t\t\t\t\t<section id=\"impressum\"><h1>Impressum<\/h1><h2>Angaben gem\u00e4\u00df \u00a7 5 TMG<\/h2><p><img decoding=\"async\" class=\"wp-image-14 \" src=\"https:\/\/xn--seelenglck-heb.com\/wp-content\/uploads\/2026\/01\/logo-no-back-white-300x44.png\" alt=\"logo no back white\" width=\"129\" height=\"19\" srcset=\"https:\/\/xn--seelenglck-heb.com\/wp-content\/uploads\/2026\/01\/logo-no-back-white-300x44.png 300w, https:\/\/xn--seelenglck-heb.com\/wp-content\/uploads\/2026\/01\/logo-no-back-white-1024x151.png 1024w, https:\/\/xn--seelenglck-heb.com\/wp-content\/uploads\/2026\/01\/logo-no-back-white-768x113.png 768w, https:\/\/xn--seelenglck-heb.com\/wp-content\/uploads\/2026\/01\/logo-no-back-white-1536x227.png 1536w, https:\/\/xn--seelenglck-heb.com\/wp-content\/uploads\/2026\/01\/logo-no-back-white.png 1877w\" sizes=\"(max-width: 129px) 100vw, 129px\" \/><\/p><p>ist eine Marke der<\/p><p>Hell &amp; Dunkel Consulting GmbH<br \/>Berghauser Str. 2, 50737 K\u00f6ln<\/p><p>Deutschland<\/p><h2>Kontakt<\/h2><p>Telefon: +49 (0) 163 \/ 881 18 00<br \/>E-Mail: info@seelengl\u00fcck.com<br \/>Website: <a href=\"https:\/\/www.seelengl\u00fcck.com\">www.seelengl\u00fcck.com<\/a><\/p><h2>Vertreten durch<\/h2><p>Michael L\u00fcck<\/p><p>Hell &amp; Dunkel Consulting GmbH<br \/>Berghauser Str. 2, 50737 K\u00f6ln<\/p><p>Handelsregister: HRB 72876, AG K\u00f6ln<\/p><p>Umsatzsteuer-Identifikationsnummer gem\u00e4\u00df \u00a7 27 a Umsatzsteuergesetz:<br \/>123\/4567\/8910<\/p><h2>Verantwortlich f\u00fcr den Inhalt nach \u00a7 55 Abs. 2 RStV<\/h2><p>Hell &amp; Dunkel Consulting GmbH<br \/>Berghauser Str. 2, 50737 K\u00f6ln<\/p><p>Deutschland<\/p><h2>Haftungsausschluss<\/h2><h3>Haftung f\u00fcr Inhalte<\/h3><p>Die Inhalte unserer Seiten wurden mit gr\u00f6\u00dfter Sorgfalt erstellt. F\u00fcr die Richtigkeit, Vollst\u00e4ndigkeit und Aktualit\u00e4t der Inhalte k\u00f6nnen wir jedoch keine Gew\u00e4hr \u00fcbernehmen.<\/p><h3>Haftung f\u00fcr Links<\/h3><p>Unser Angebot enth\u00e4lt Links zu externen Websites Dritter, auf deren Inhalte wir keinen Einfluss haben. Deshalb k\u00f6nnen wir f\u00fcr diese fremden Inhalte auch keine Gew\u00e4hr \u00fcbernehmen. F\u00fcr die Inhalte der verlinkten Seiten ist stets der jeweilige Anbieter oder Betreiber der Seiten verantwortlich.<\/p><h2>Urheberrecht<\/h2><p>Die durch die Seitenbetreiber erstellten Inhalte und Werke auf diesen Seiten unterliegen dem deutschen Urheberrecht. Die Vervielf\u00e4ltigung, Bearbeitung, Verbreitung und jede Art der Verwertung au\u00dferhalb der Grenzen des Urheberrechtes bed\u00fcrfen der schriftlichen Zustimmung des jeweiligen Autors bzw. Erstellers.<\/p><h2>Alternative Streitbeilegung gem\u00e4\u00df Art. 14 Abs. 1 ODR-VO und \u00a7 36 VSBG:<\/h2><p>Zur Teilnahme an einem Streitbeilegungsverfahren vor einer Verbraucherschlichtungsstelle sind wir nicht verpflichtet und nicht bereit.<\/p><\/section>\t\t\t\t\t\t\t\t<\/div>\n\t\t\t\t\t<\/div>\n\t\t\t\t<\/div>\n\t\t\t\t<\/div>\n\t\t","protected":false},"excerpt":{"rendered":"<p>Impressum Angaben gem\u00e4\u00df \u00a7 5 TMG ist eine Marke der Hell &amp; Dunkel Consulting GmbHBerghauser Str. 2, 50737 K\u00f6ln Deutschland Kontakt Telefon: +49 (0) 163 \/ 881 18 00E-Mail: info@seelengl\u00fcck.comWebsite: www.seelengl\u00fcck.com Vertreten durch Michael L\u00fcck Hell &amp; Dunkel Consulting GmbHBerghauser Str. 2, 50737 K\u00f6ln Handelsregister: HRB 72876, AG K\u00f6ln Umsatzsteuer-Identifikationsnummer gem\u00e4\u00df \u00a7 27 a Umsatzsteuergesetz:123\/4567\/8910 [&hellip;]<\/p>\n","protected":false},"author":1,"featured_media":0,"parent":0,"menu_order":0,"comment_status":"closed","ping_status":"closed","template":"","meta":{"footnotes":""},"class_list":["post-165","page","type-page","status-publish","hentry"],"yoast_head":"<!-- This site is optimized with the Yoast SEO plugin v27.2 - https:\/\/yoast.com\/product\/yoast-seo-wordpress\/ -->\n<title>Impressum - Seelengl\u00fcck<\/title>\n<meta name=\"robots\" content=\"index, follow, max-snippet:-1, max-image-preview:large, max-video-preview:-1\" \/>\n<link rel=\"canonical\" href=\"https:\/\/xn--seelenglck-heb.com\/?page_id=165\" \/>\n<meta property=\"og:locale\" content=\"de_DE\" \/>\n<meta property=\"og:type\" content=\"article\" \/>\n<meta property=\"og:title\" content=\"Impressum - Seelengl\u00fcck\" \/>\n<meta property=\"og:description\" content=\"Impressum Angaben gem\u00e4\u00df \u00a7 5 TMG ist eine Marke der Hell &amp; Dunkel Consulting GmbHBerghauser Str. 2, 50737 K\u00f6ln Deutschland Kontakt Telefon: +49 (0) 163 \/ 881 18 00E-Mail: info@seelengl\u00fcck.comWebsite: www.seelengl\u00fcck.com Vertreten durch Michael L\u00fcck Hell &amp; Dunkel Consulting GmbHBerghauser Str. 2, 50737 K\u00f6ln Handelsregister: HRB 72876, AG K\u00f6ln Umsatzsteuer-Identifikationsnummer gem\u00e4\u00df \u00a7 27 a Umsatzsteuergesetz:123\/4567\/8910 [&hellip;]\" \/>\n<meta property=\"og:url\" content=\"https:\/\/xn--seelenglck-heb.com\/?page_id=165\" \/>\n<meta property=\"og:site_name\" content=\"Seelengl\u00fcck\" \/>\n<meta property=\"article:modified_time\" content=\"2026-03-26T19:59:22+00:00\" \/>\n<meta property=\"og:image\" content=\"https:\/\/xn--seelenglck-heb.com\/wp-content\/uploads\/2026\/01\/logo-no-back-white.png\" \/>\n\t<meta property=\"og:image:width\" content=\"1877\" \/>\n\t<meta property=\"og:image:height\" content=\"277\" \/>\n\t<meta property=\"og:image:type\" content=\"image\/png\" \/>\n<meta name=\"twitter:card\" content=\"summary_large_image\" \/>\n<meta name=\"twitter:label1\" content=\"Gesch\u00e4tzte Lesezeit\" \/>\n\t<meta name=\"twitter:data1\" content=\"2\u00a0Minuten\" \/>\n<script type=\"application\/ld+json\" class=\"yoast-schema-graph\">{\"@context\":\"https:\/\/schema.org\",\"@graph\":[{\"@type\":\"WebPage\",\"@id\":\"https:\/\/xn--seelenglck-heb.com\/?page_id=165\",\"url\":\"https:\/\/xn--seelenglck-heb.com\/?page_id=165\",\"name\":\"Impressum - Seelengl\u00fcck\",\"isPartOf\":{\"@id\":\"https:\/\/xn--seelenglck-heb.com\/#website\"},\"primaryImageOfPage\":{\"@id\":\"https:\/\/xn--seelenglck-heb.com\/?page_id=165#primaryimage\"},\"image\":{\"@id\":\"https:\/\/xn--seelenglck-heb.com\/?page_id=165#primaryimage\"},\"thumbnailUrl\":\"https:\/\/xn--seelenglck-heb.com\/wp-content\/uploads\/2026\/01\/logo-no-back-white-300x44.png\",\"datePublished\":\"2026-01-25T19:41:03+00:00\",\"dateModified\":\"2026-03-26T19:59:22+00:00\",\"breadcrumb\":{\"@id\":\"https:\/\/xn--seelenglck-heb.com\/?page_id=165#breadcrumb\"},\"inLanguage\":\"de\",\"potentialAction\":[{\"@type\":\"ReadAction\",\"target\":[\"https:\/\/xn--seelenglck-heb.com\/?page_id=165\"]}]},{\"@type\":\"ImageObject\",\"inLanguage\":\"de\",\"@id\":\"https:\/\/xn--seelenglck-heb.com\/?page_id=165#primaryimage\",\"url\":\"https:\/\/xn--seelenglck-heb.com\/wp-content\/uploads\/2026\/01\/logo-no-back-white.png\",\"contentUrl\":\"https:\/\/xn--seelenglck-heb.com\/wp-content\/uploads\/2026\/01\/logo-no-back-white.png\",\"width\":1877,\"height\":277,\"caption\":\"logo no back white\"},{\"@type\":\"BreadcrumbList\",\"@id\":\"https:\/\/xn--seelenglck-heb.com\/?page_id=165#breadcrumb\",\"itemListElement\":[{\"@type\":\"ListItem\",\"position\":1,\"name\":\"Start\",\"item\":\"https:\/\/xn--seelenglck-heb.com\/\"},{\"@type\":\"ListItem\",\"position\":2,\"name\":\"Impressum\"}]},{\"@type\":\"WebSite\",\"@id\":\"https:\/\/xn--seelenglck-heb.com\/#website\",\"url\":\"https:\/\/xn--seelenglck-heb.com\/\",\"name\":\"Seelengl\u00fcck\",\"description\":\"Dein Weg zum Seelengl\u00fcck\",\"publisher\":{\"@id\":\"https:\/\/xn--seelenglck-heb.com\/#organization\"},\"potentialAction\":[{\"@type\":\"SearchAction\",\"target\":{\"@type\":\"EntryPoint\",\"urlTemplate\":\"https:\/\/xn--seelenglck-heb.com\/?s={search_term_string}\"},\"query-input\":{\"@type\":\"PropertyValueSpecification\",\"valueRequired\":true,\"valueName\":\"search_term_string\"}}],\"inLanguage\":\"de\"},{\"@type\":\"Organization\",\"@id\":\"https:\/\/xn--seelenglck-heb.com\/#organization\",\"name\":\"Seelengl\u00fcck\",\"url\":\"https:\/\/xn--seelenglck-heb.com\/\",\"logo\":{\"@type\":\"ImageObject\",\"inLanguage\":\"de\",\"@id\":\"https:\/\/xn--seelenglck-heb.com\/#\/schema\/logo\/image\/\",\"url\":\"https:\/\/xn--seelenglck-heb.com\/wp-content\/uploads\/2026\/01\/logo-no-back-white.png\",\"contentUrl\":\"https:\/\/xn--seelenglck-heb.com\/wp-content\/uploads\/2026\/01\/logo-no-back-white.png\",\"width\":1877,\"height\":277,\"caption\":\"Seelengl\u00fcck\"},\"image\":{\"@id\":\"https:\/\/xn--seelenglck-heb.com\/#\/schema\/logo\/image\/\"},\"sameAs\":[\"https:\/\/www.linkedin.com\/in\/hell-und-dunkel\/\"]}]}<\/script>\n<!-- \/ Yoast SEO plugin. -->","yoast_head_json":{"title":"Impressum - Seelengl\u00fcck","robots":{"index":"index","follow":"follow","max-snippet":"max-snippet:-1","max-image-preview":"max-image-preview:large","max-video-preview":"max-video-preview:-1"},"canonical":"https:\/\/xn--seelenglck-heb.com\/?page_id=165","og_locale":"de_DE","og_type":"article","og_title":"Impressum - Seelengl\u00fcck","og_description":"Impressum Angaben gem\u00e4\u00df \u00a7 5 TMG ist eine Marke der Hell &amp; Dunkel Consulting GmbHBerghauser Str. 2, 50737 K\u00f6ln Deutschland Kontakt Telefon: +49 (0) 163 \/ 881 18 00E-Mail: info@seelengl\u00fcck.comWebsite: www.seelengl\u00fcck.com Vertreten durch Michael L\u00fcck Hell &amp; Dunkel Consulting GmbHBerghauser Str. 2, 50737 K\u00f6ln Handelsregister: HRB 72876, AG K\u00f6ln Umsatzsteuer-Identifikationsnummer gem\u00e4\u00df \u00a7 27 a Umsatzsteuergesetz:123\/4567\/8910 [&hellip;]","og_url":"https:\/\/xn--seelenglck-heb.com\/?page_id=165","og_site_name":"Seelengl\u00fcck","article_modified_time":"2026-03-26T19:59:22+00:00","og_image":[{"width":1877,"height":277,"url":"https:\/\/xn--seelenglck-heb.com\/wp-content\/uploads\/2026\/01\/logo-no-back-white.png","type":"image\/png"}],"twitter_card":"summary_large_image","twitter_misc":{"Gesch\u00e4tzte Lesezeit":"2\u00a0Minuten"},"schema":{"@context":"https:\/\/schema.org","@graph":[{"@type":"WebPage","@id":"https:\/\/xn--seelenglck-heb.com\/?page_id=165","url":"https:\/\/xn--seelenglck-heb.com\/?page_id=165","name":"Impressum - Seelengl\u00fcck","isPartOf":{"@id":"https:\/\/xn--seelenglck-heb.com\/#website"},"primaryImageOfPage":{"@id":"https:\/\/xn--seelenglck-heb.com\/?page_id=165#primaryimage"},"image":{"@id":"https:\/\/xn--seelenglck-heb.com\/?page_id=165#primaryimage"},"thumbnailUrl":"https:\/\/xn--seelenglck-heb.com\/wp-content\/uploads\/2026\/01\/logo-no-back-white-300x44.png","datePublished":"2026-01-25T19:41:03+00:00","dateModified":"2026-03-26T19:59:22+00:00","breadcrumb":{"@id":"https:\/\/xn--seelenglck-heb.com\/?page_id=165#breadcrumb"},"inLanguage":"de","potentialAction":[{"@type":"ReadAction","target":["https:\/\/xn--seelenglck-heb.com\/?page_id=165"]}]},{"@type":"ImageObject","inLanguage":"de","@id":"https:\/\/xn--seelenglck-heb.com\/?page_id=165#primaryimage","url":"https:\/\/xn--seelenglck-heb.com\/wp-content\/uploads\/2026\/01\/logo-no-back-white.png","contentUrl":"https:\/\/xn--seelenglck-heb.com\/wp-content\/uploads\/2026\/01\/logo-no-back-white.png","width":1877,"height":277,"caption":"logo no back white"},{"@type":"BreadcrumbList","@id":"https:\/\/xn--seelenglck-heb.com\/?page_id=165#breadcrumb","itemListElement":[{"@type":"ListItem","position":1,"name":"Start","item":"https:\/\/xn--seelenglck-heb.com\/"},{"@type":"ListItem","position":2,"name":"Impressum"}]},{"@type":"WebSite","@id":"https:\/\/xn--seelenglck-heb.com\/#website","url":"https:\/\/xn--seelenglck-heb.com\/","name":"Seelengl\u00fcck","description":"Dein Weg zum Seelengl\u00fcck","publisher":{"@id":"https:\/\/xn--seelenglck-heb.com\/#organization"},"potentialAction":[{"@type":"SearchAction","target":{"@type":"EntryPoint","urlTemplate":"https:\/\/xn--seelenglck-heb.com\/?s={search_term_string}"},"query-input":{"@type":"PropertyValueSpecification","valueRequired":true,"valueName":"search_term_string"}}],"inLanguage":"de"},{"@type":"Organization","@id":"https:\/\/xn--seelenglck-heb.com\/#organization","name":"Seelengl\u00fcck","url":"https:\/\/xn--seelenglck-heb.com\/","logo":{"@type":"ImageObject","inLanguage":"de","@id":"https:\/\/xn--seelenglck-heb.com\/#\/schema\/logo\/image\/","url":"https:\/\/xn--seelenglck-heb.com\/wp-content\/uploads\/2026\/01\/logo-no-back-white.png","contentUrl":"https:\/\/xn--seelenglck-heb.com\/wp-content\/uploads\/2026\/01\/logo-no-back-white.png","width":1877,"height":277,"caption":"Seelengl\u00fcck"},"image":{"@id":"https:\/\/xn--seelenglck-heb.com\/#\/schema\/logo\/image\/"},"sameAs":["https:\/\/www.linkedin.com\/in\/hell-und-dunkel\/"]}]}},"_links":{"self":[{"href":"https:\/\/xn--seelenglck-heb.com\/index.php?rest_route=\/wp\/v2\/pages\/165","targetHints":{"allow":["GET"]}}],"collection":[{"href":"https:\/\/xn--seelenglck-heb.com\/index.php?rest_route=\/wp\/v2\/pages"}],"about":[{"href":"https:\/\/xn--seelenglck-heb.com\/index.php?rest_route=\/wp\/v2\/types\/page"}],"author":[{"embeddable":true,"href":"https:\/\/xn--seelenglck-heb.com\/index.php?rest_route=\/wp\/v2\/users\/1"}],"replies":[{"embeddable":true,"href":"https:\/\/xn--seelenglck-heb.com\/index.php?rest_route=%2Fwp%2Fv2%2Fcomments&post=165"}],"version-history":[{"count":19,"href":"https:\/\/xn--seelenglck-heb.com\/index.php?rest_route=\/wp\/v2\/pages\/165\/revisions"}],"predecessor-version":[{"id":842,"href":"https:\/\/xn--seelenglck-heb.com\/index.php?rest_route=\/wp\/v2\/pages\/165\/revisions\/842"}],"wp:attachment":[{"href":"https:\/\/xn--seelenglck-heb.com\/index.php?rest_route=%2Fwp%2Fv2%2Fmedia&parent=165"}],"curies":[{"name":"wp","href":"https:\/\/api.w.org\/{rel}","templated":true}]}}