{"id":143,"date":"2026-01-25T19:29:03","date_gmt":"2026-01-25T19:29:03","guid":{"rendered":"https:\/\/xn--seelenglck-heb.com\/?page_id=143"},"modified":"2026-02-03T19:46:51","modified_gmt":"2026-02-03T19:46:51","slug":"kontakt","status":"publish","type":"page","link":"https:\/\/xn--seelenglck-heb.com\/?page_id=143","title":{"rendered":"Kontakt"},"content":{"rendered":"\t\t<div data-elementor-type=\"wp-page\" data-elementor-id=\"143\" class=\"elementor elementor-143\" data-elementor-post-type=\"page\">\n\t\t\t\t<div class=\"elementor-element elementor-element-d80257e e-con-full e-flex e-con e-parent\" data-id=\"d80257e\" data-element_type=\"container\" data-e-type=\"container\" data-settings=\"{&quot;background_background&quot;:&quot;classic&quot;}\">\n\t\t\t\t<div class=\"elementor-element elementor-element-1b36c10 elementor-widget elementor-widget-text-editor\" data-id=\"1b36c10\" data-element_type=\"widget\" data-e-type=\"widget\" data-widget_type=\"text-editor.default\">\n\t\t\t\t\t\t\t\t\t<h1>&#8222;Buchen&#8220;<\/h1>\t\t\t\t\t\t\t\t<\/div>\n\t\t\t\t<div class=\"elementor-element elementor-element-5990fa3 elementor-widget elementor-widget-image\" data-id=\"5990fa3\" data-element_type=\"widget\" data-e-type=\"widget\" data-widget_type=\"image.default\">\n\t\t\t\t\t\t\t\t\t\t\t\t\t\t\t<img decoding=\"async\" width=\"282\" height=\"43\" src=\"https:\/\/xn--seelenglck-heb.com\/wp-content\/uploads\/2026\/01\/hr-logo.png\" class=\"attachment-large size-large wp-image-275\" alt=\"hr logo\" \/>\t\t\t\t\t\t\t\t\t\t\t\t\t\t\t<\/div>\n\t\t<div class=\"elementor-element elementor-element-b926b61 e-flex e-con-boxed e-con e-child\" data-id=\"b926b61\" data-element_type=\"container\" data-e-type=\"container\">\n\t\t\t\t\t<div class=\"e-con-inner\">\n\t\t\t\t<div class=\"elementor-element elementor-element-0012cb7 elementor-widget elementor-widget-text-editor\" data-id=\"0012cb7\" data-element_type=\"widget\" data-e-type=\"widget\" data-widget_type=\"text-editor.default\">\n\t\t\t\t\t\t\t\t\t<p data-start=\"39\" data-end=\"432\">Das \u201eGl\u00fcck der Seele\u201c ist ein sehr pers\u00f6nliches, emotionales Thema. Deshalb kannst Du hier auch nicht einfach eine \u201eBeratung buchen\u201c.<br data-start=\"172\" data-end=\"175\" \/>Lass\u2019 uns in Kontakt treten. Schreibe mir, und wir telefonieren \u2013 einfach per SMS oder WhatsApp, und ich schicke m\u00f6gliche Termine!<br data-start=\"307\" data-end=\"310\" \/>In einem kostenlosen &amp; unverbindlichen Telefonat besprechen wir erste Impulse \u2013 und wie ich Dir bzw. Euch helfen kann.<\/p><p data-start=\"439\" data-end=\"758\">Ich schicke Euch dann ein erstes Arbeitsblatt. Damit Ihr einsch\u00e4tzen k\u00f6nnt, ob Ihr \u201ein dieser Tiefe\u201c auch wirklich an Euch arbeiten wollt.<br data-start=\"577\" data-end=\"580\" \/>Denn wenn ich mit (und f\u00fcr) Menschen arbeite, geht es oft \u201eans Eingemachte\u201c. Das kann Schmerz bedeuten und zu Tr\u00e4nen r\u00fchren,<br data-start=\"706\" data-end=\"709\" \/>aber wir werden gemeinsam eine L\u00f6sung finden.<\/p><p data-start=\"765\" data-end=\"834\" data-is-last-node=\"\">So wie es gut f\u00fcr Dich ist \u2013 in Deiner individuellen Geschwindigkeit.<\/p>\t\t\t\t\t\t\t\t<\/div>\n\t\t\t\t\t<\/div>\n\t\t\t\t<\/div>\n\t\t\t\t<\/div>\n\t\t<div class=\"elementor-element elementor-element-bd40e09 e-flex e-con-boxed e-con e-parent\" data-id=\"bd40e09\" data-element_type=\"container\" data-e-type=\"container\" data-settings=\"{&quot;background_background&quot;:&quot;classic&quot;}\">\n\t\t\t\t\t<div class=\"e-con-inner\">\n\t\t<div class=\"elementor-element elementor-element-9c69d9e e-con-full e-flex e-con e-child\" data-id=\"9c69d9e\" data-element_type=\"container\" data-e-type=\"container\">\n\t\t<div class=\"elementor-element elementor-element-199a3e6 e-con-full e-flex e-con e-child\" data-id=\"199a3e6\" data-element_type=\"container\" data-e-type=\"container\" data-settings=\"{&quot;background_background&quot;:&quot;classic&quot;}\">\n\t\t\t\t<div class=\"elementor-element elementor-element-f655411 elementor-view-default elementor-widget elementor-widget-icon\" data-id=\"f655411\" data-element_type=\"widget\" data-e-type=\"widget\" data-widget_type=\"icon.default\">\n\t\t\t\t\t\t\t<div class=\"elementor-icon-wrapper\">\n\t\t\t<div class=\"elementor-icon\">\n\t\t\t<svg aria-hidden=\"true\" class=\"e-font-icon-svg e-fas-phone\" viewBox=\"0 0 512 512\" xmlns=\"http:\/\/www.w3.org\/2000\/svg\"><path d=\"M493.4 24.6l-104-24c-11.3-2.6-22.9 3.3-27.5 13.9l-48 112c-4.2 9.8-1.4 21.3 6.9 28l60.6 49.6c-36 76.7-98.9 140.5-177.2 177.2l-49.6-60.6c-6.8-8.3-18.2-11.1-28-6.9l-112 48C3.9 366.5-2 378.1.6 389.4l24 104C27.1 504.2 36.7 512 48 512c256.1 0 464-207.5 464-464 0-11.2-7.7-20.9-18.6-23.4z\"><\/path><\/svg>\t\t\t<\/div>\n\t\t<\/div>\n\t\t\t\t\t\t<\/div>\n\t\t\t\t<div class=\"elementor-element elementor-element-b48fc55 elementor-widget elementor-widget-heading\" data-id=\"b48fc55\" data-element_type=\"widget\" data-e-type=\"widget\" data-widget_type=\"heading.default\">\n\t\t\t\t\t<h2 class=\"elementor-heading-title elementor-size-default\">Direkt anrufen<\/h2>\t\t\t\t<\/div>\n\t\t\t\t<div class=\"elementor-element elementor-element-43bfb82 elementor-widget elementor-widget-text-editor\" data-id=\"43bfb82\" data-element_type=\"widget\" data-e-type=\"widget\" data-widget_type=\"text-editor.default\">\n\t\t\t\t\t\t\t\t\t<p>F\u00fcr ein schnelles, pers\u00f6nliches Gespr\u00e4ch.<\/p>\t\t\t\t\t\t\t\t<\/div>\n\t\t\t\t<div class=\"elementor-element elementor-element-a3765d7 elementor-widget elementor-widget-heading\" data-id=\"a3765d7\" data-element_type=\"widget\" data-e-type=\"widget\" data-widget_type=\"heading.default\">\n\t\t\t\t\t<h2 class=\"elementor-heading-title elementor-size-default\"><a href=\"tel:+491638811800\">0163 \/ 881 18 00<\/a><\/h2>\t\t\t\t<\/div>\n\t\t\t\t<\/div>\n\t\t\t\t<\/div>\n\t\t<div class=\"elementor-element elementor-element-4c6b884 e-con-full e-flex e-con e-child\" data-id=\"4c6b884\" data-element_type=\"container\" data-e-type=\"container\">\n\t\t<div class=\"elementor-element elementor-element-400c78b e-con-full e-flex e-con e-child\" data-id=\"400c78b\" data-element_type=\"container\" data-e-type=\"container\" data-settings=\"{&quot;background_background&quot;:&quot;classic&quot;}\">\n\t\t\t\t<div class=\"elementor-element elementor-element-d54e8d1 elementor-view-default elementor-widget elementor-widget-icon\" data-id=\"d54e8d1\" data-element_type=\"widget\" data-e-type=\"widget\" data-widget_type=\"icon.default\">\n\t\t\t\t\t\t\t<div class=\"elementor-icon-wrapper\">\n\t\t\t<div class=\"elementor-icon\">\n\t\t\t<i aria-hidden=\"true\" class=\"icon icon-contact\"><\/i>\t\t\t<\/div>\n\t\t<\/div>\n\t\t\t\t\t\t<\/div>\n\t\t\t\t<div class=\"elementor-element elementor-element-fa85ca3 elementor-widget elementor-widget-heading\" data-id=\"fa85ca3\" data-element_type=\"widget\" data-e-type=\"widget\" data-widget_type=\"heading.default\">\n\t\t\t\t\t<h2 class=\"elementor-heading-title elementor-size-default\">E-Mail schreiben<\/h2>\t\t\t\t<\/div>\n\t\t\t\t<div class=\"elementor-element elementor-element-96a17c9 elementor-widget elementor-widget-text-editor\" data-id=\"96a17c9\" data-element_type=\"widget\" data-e-type=\"widget\" data-widget_type=\"text-editor.default\">\n\t\t\t\t\t\t\t\t\t<p>Beschreibe dein Anliegen in Ruhe.<\/p>\t\t\t\t\t\t\t\t<\/div>\n\t\t\t\t<div class=\"elementor-element elementor-element-4846fea elementor-widget elementor-widget-heading\" data-id=\"4846fea\" data-element_type=\"widget\" data-e-type=\"widget\" data-widget_type=\"heading.default\">\n\t\t\t\t\t<h2 class=\"elementor-heading-title elementor-size-default\"><a href=\"mailto:info@seelengl\u00fcck.com\">info@seelengl\u00fcck.com<\/a><\/h2>\t\t\t\t<\/div>\n\t\t\t\t<\/div>\n\t\t\t\t<\/div>\n\t\t\t\t\t<\/div>\n\t\t\t\t<\/div>\n\t\t\t\t<\/div>\n\t\t","protected":false},"excerpt":{"rendered":"<p>&#8222;Buchen&#8220; Das \u201eGl\u00fcck der Seele\u201c ist ein sehr pers\u00f6nliches, emotionales Thema. Deshalb kannst Du hier auch nicht einfach eine \u201eBeratung buchen\u201c.Lass\u2019 uns in Kontakt treten. Schreibe mir, und wir telefonieren \u2013 einfach per SMS oder WhatsApp, und ich schicke m\u00f6gliche Termine!In einem kostenlosen &amp; unverbindlichen Telefonat besprechen wir erste Impulse \u2013 und wie ich Dir [&hellip;]<\/p>\n","protected":false},"author":1,"featured_media":0,"parent":0,"menu_order":0,"comment_status":"closed","ping_status":"closed","template":"","meta":{"footnotes":""},"class_list":["post-143","page","type-page","status-publish","hentry"],"yoast_head":"<!-- This site is optimized with the Yoast SEO plugin v27.2 - https:\/\/yoast.com\/product\/yoast-seo-wordpress\/ -->\n<title>Kontakt - Seelengl\u00fcck<\/title>\n<meta name=\"description\" content=\"Nehmen Sie Kontakt zu mir auf oder Buchen Sie direkt einen Termin f\u00fcr Ihr Seelengl\u00fcck. Michael L\u00fcck - www.seelengl\u00fcck.com\" \/>\n<meta name=\"robots\" content=\"index, follow, max-snippet:-1, max-image-preview:large, max-video-preview:-1\" \/>\n<link rel=\"canonical\" href=\"https:\/\/xn--seelenglck-heb.com\/?page_id=143\" \/>\n<meta property=\"og:locale\" content=\"de_DE\" \/>\n<meta property=\"og:type\" content=\"article\" \/>\n<meta property=\"og:title\" content=\"Kontakt - Seelengl\u00fcck\" \/>\n<meta property=\"og:description\" content=\"Nehmen Sie Kontakt zu mir auf oder Buchen Sie direkt einen Termin f\u00fcr Ihr Seelengl\u00fcck. Michael L\u00fcck - www.seelengl\u00fcck.com\" \/>\n<meta property=\"og:url\" content=\"https:\/\/xn--seelenglck-heb.com\/?page_id=143\" \/>\n<meta property=\"og:site_name\" content=\"Seelengl\u00fcck\" \/>\n<meta property=\"article:modified_time\" content=\"2026-02-03T19:46:51+00:00\" \/>\n<meta property=\"og:image\" content=\"https:\/\/xn--seelenglck-heb.com\/wp-content\/uploads\/2026\/01\/hr-logo.png\" \/>\n<meta name=\"twitter:card\" content=\"summary_large_image\" \/>\n<meta name=\"twitter:label1\" content=\"Gesch\u00e4tzte Lesezeit\" \/>\n\t<meta name=\"twitter:data1\" content=\"1\u00a0Minute\" \/>\n<script type=\"application\/ld+json\" class=\"yoast-schema-graph\">{\"@context\":\"https:\/\/schema.org\",\"@graph\":[{\"@type\":\"WebPage\",\"@id\":\"https:\/\/xn--seelenglck-heb.com\/?page_id=143\",\"url\":\"https:\/\/xn--seelenglck-heb.com\/?page_id=143\",\"name\":\"Kontakt - Seelengl\u00fcck\",\"isPartOf\":{\"@id\":\"https:\/\/xn--seelenglck-heb.com\/#website\"},\"primaryImageOfPage\":{\"@id\":\"https:\/\/xn--seelenglck-heb.com\/?page_id=143#primaryimage\"},\"image\":{\"@id\":\"https:\/\/xn--seelenglck-heb.com\/?page_id=143#primaryimage\"},\"thumbnailUrl\":\"https:\/\/xn--seelenglck-heb.com\/wp-content\/uploads\/2026\/01\/hr-logo.png\",\"datePublished\":\"2026-01-25T19:29:03+00:00\",\"dateModified\":\"2026-02-03T19:46:51+00:00\",\"description\":\"Nehmen Sie Kontakt zu mir auf oder Buchen Sie direkt einen Termin f\u00fcr Ihr Seelengl\u00fcck. Michael L\u00fcck - www.seelengl\u00fcck.com\",\"breadcrumb\":{\"@id\":\"https:\/\/xn--seelenglck-heb.com\/?page_id=143#breadcrumb\"},\"inLanguage\":\"de\",\"potentialAction\":[{\"@type\":\"ReadAction\",\"target\":[\"https:\/\/xn--seelenglck-heb.com\/?page_id=143\"]}]},{\"@type\":\"ImageObject\",\"inLanguage\":\"de\",\"@id\":\"https:\/\/xn--seelenglck-heb.com\/?page_id=143#primaryimage\",\"url\":\"https:\/\/xn--seelenglck-heb.com\/wp-content\/uploads\/2026\/01\/hr-logo.png\",\"contentUrl\":\"https:\/\/xn--seelenglck-heb.com\/wp-content\/uploads\/2026\/01\/hr-logo.png\",\"width\":282,\"height\":43,\"caption\":\"hr logo\"},{\"@type\":\"BreadcrumbList\",\"@id\":\"https:\/\/xn--seelenglck-heb.com\/?page_id=143#breadcrumb\",\"itemListElement\":[{\"@type\":\"ListItem\",\"position\":1,\"name\":\"Start\",\"item\":\"https:\/\/xn--seelenglck-heb.com\/\"},{\"@type\":\"ListItem\",\"position\":2,\"name\":\"Kontakt\"}]},{\"@type\":\"WebSite\",\"@id\":\"https:\/\/xn--seelenglck-heb.com\/#website\",\"url\":\"https:\/\/xn--seelenglck-heb.com\/\",\"name\":\"Seelengl\u00fcck\",\"description\":\"Dein Weg zum Seelengl\u00fcck\",\"publisher\":{\"@id\":\"https:\/\/xn--seelenglck-heb.com\/#organization\"},\"potentialAction\":[{\"@type\":\"SearchAction\",\"target\":{\"@type\":\"EntryPoint\",\"urlTemplate\":\"https:\/\/xn--seelenglck-heb.com\/?s={search_term_string}\"},\"query-input\":{\"@type\":\"PropertyValueSpecification\",\"valueRequired\":true,\"valueName\":\"search_term_string\"}}],\"inLanguage\":\"de\"},{\"@type\":\"Organization\",\"@id\":\"https:\/\/xn--seelenglck-heb.com\/#organization\",\"name\":\"Seelengl\u00fcck\",\"url\":\"https:\/\/xn--seelenglck-heb.com\/\",\"logo\":{\"@type\":\"ImageObject\",\"inLanguage\":\"de\",\"@id\":\"https:\/\/xn--seelenglck-heb.com\/#\/schema\/logo\/image\/\",\"url\":\"https:\/\/xn--seelenglck-heb.com\/wp-content\/uploads\/2026\/01\/logo-no-back-white.png\",\"contentUrl\":\"https:\/\/xn--seelenglck-heb.com\/wp-content\/uploads\/2026\/01\/logo-no-back-white.png\",\"width\":1877,\"height\":277,\"caption\":\"Seelengl\u00fcck\"},\"image\":{\"@id\":\"https:\/\/xn--seelenglck-heb.com\/#\/schema\/logo\/image\/\"},\"sameAs\":[\"https:\/\/www.linkedin.com\/in\/hell-und-dunkel\/\"]}]}<\/script>\n<!-- \/ Yoast SEO plugin. -->","yoast_head_json":{"title":"Kontakt - Seelengl\u00fcck","description":"Nehmen Sie Kontakt zu mir auf oder Buchen Sie direkt einen Termin f\u00fcr Ihr Seelengl\u00fcck. Michael L\u00fcck - www.seelengl\u00fcck.com","robots":{"index":"index","follow":"follow","max-snippet":"max-snippet:-1","max-image-preview":"max-image-preview:large","max-video-preview":"max-video-preview:-1"},"canonical":"https:\/\/xn--seelenglck-heb.com\/?page_id=143","og_locale":"de_DE","og_type":"article","og_title":"Kontakt - Seelengl\u00fcck","og_description":"Nehmen Sie Kontakt zu mir auf oder Buchen Sie direkt einen Termin f\u00fcr Ihr Seelengl\u00fcck. Michael L\u00fcck - www.seelengl\u00fcck.com","og_url":"https:\/\/xn--seelenglck-heb.com\/?page_id=143","og_site_name":"Seelengl\u00fcck","article_modified_time":"2026-02-03T19:46:51+00:00","og_image":[{"url":"https:\/\/xn--seelenglck-heb.com\/wp-content\/uploads\/2026\/01\/hr-logo.png","type":"","width":"","height":""}],"twitter_card":"summary_large_image","twitter_misc":{"Gesch\u00e4tzte Lesezeit":"1\u00a0Minute"},"schema":{"@context":"https:\/\/schema.org","@graph":[{"@type":"WebPage","@id":"https:\/\/xn--seelenglck-heb.com\/?page_id=143","url":"https:\/\/xn--seelenglck-heb.com\/?page_id=143","name":"Kontakt - Seelengl\u00fcck","isPartOf":{"@id":"https:\/\/xn--seelenglck-heb.com\/#website"},"primaryImageOfPage":{"@id":"https:\/\/xn--seelenglck-heb.com\/?page_id=143#primaryimage"},"image":{"@id":"https:\/\/xn--seelenglck-heb.com\/?page_id=143#primaryimage"},"thumbnailUrl":"https:\/\/xn--seelenglck-heb.com\/wp-content\/uploads\/2026\/01\/hr-logo.png","datePublished":"2026-01-25T19:29:03+00:00","dateModified":"2026-02-03T19:46:51+00:00","description":"Nehmen Sie Kontakt zu mir auf oder Buchen Sie direkt einen Termin f\u00fcr Ihr Seelengl\u00fcck. Michael L\u00fcck - www.seelengl\u00fcck.com","breadcrumb":{"@id":"https:\/\/xn--seelenglck-heb.com\/?page_id=143#breadcrumb"},"inLanguage":"de","potentialAction":[{"@type":"ReadAction","target":["https:\/\/xn--seelenglck-heb.com\/?page_id=143"]}]},{"@type":"ImageObject","inLanguage":"de","@id":"https:\/\/xn--seelenglck-heb.com\/?page_id=143#primaryimage","url":"https:\/\/xn--seelenglck-heb.com\/wp-content\/uploads\/2026\/01\/hr-logo.png","contentUrl":"https:\/\/xn--seelenglck-heb.com\/wp-content\/uploads\/2026\/01\/hr-logo.png","width":282,"height":43,"caption":"hr logo"},{"@type":"BreadcrumbList","@id":"https:\/\/xn--seelenglck-heb.com\/?page_id=143#breadcrumb","itemListElement":[{"@type":"ListItem","position":1,"name":"Start","item":"https:\/\/xn--seelenglck-heb.com\/"},{"@type":"ListItem","position":2,"name":"Kontakt"}]},{"@type":"WebSite","@id":"https:\/\/xn--seelenglck-heb.com\/#website","url":"https:\/\/xn--seelenglck-heb.com\/","name":"Seelengl\u00fcck","description":"Dein Weg zum Seelengl\u00fcck","publisher":{"@id":"https:\/\/xn--seelenglck-heb.com\/#organization"},"potentialAction":[{"@type":"SearchAction","target":{"@type":"EntryPoint","urlTemplate":"https:\/\/xn--seelenglck-heb.com\/?s={search_term_string}"},"query-input":{"@type":"PropertyValueSpecification","valueRequired":true,"valueName":"search_term_string"}}],"inLanguage":"de"},{"@type":"Organization","@id":"https:\/\/xn--seelenglck-heb.com\/#organization","name":"Seelengl\u00fcck","url":"https:\/\/xn--seelenglck-heb.com\/","logo":{"@type":"ImageObject","inLanguage":"de","@id":"https:\/\/xn--seelenglck-heb.com\/#\/schema\/logo\/image\/","url":"https:\/\/xn--seelenglck-heb.com\/wp-content\/uploads\/2026\/01\/logo-no-back-white.png","contentUrl":"https:\/\/xn--seelenglck-heb.com\/wp-content\/uploads\/2026\/01\/logo-no-back-white.png","width":1877,"height":277,"caption":"Seelengl\u00fcck"},"image":{"@id":"https:\/\/xn--seelenglck-heb.com\/#\/schema\/logo\/image\/"},"sameAs":["https:\/\/www.linkedin.com\/in\/hell-und-dunkel\/"]}]}},"_links":{"self":[{"href":"https:\/\/xn--seelenglck-heb.com\/index.php?rest_route=\/wp\/v2\/pages\/143","targetHints":{"allow":["GET"]}}],"collection":[{"href":"https:\/\/xn--seelenglck-heb.com\/index.php?rest_route=\/wp\/v2\/pages"}],"about":[{"href":"https:\/\/xn--seelenglck-heb.com\/index.php?rest_route=\/wp\/v2\/types\/page"}],"author":[{"embeddable":true,"href":"https:\/\/xn--seelenglck-heb.com\/index.php?rest_route=\/wp\/v2\/users\/1"}],"replies":[{"embeddable":true,"href":"https:\/\/xn--seelenglck-heb.com\/index.php?rest_route=%2Fwp%2Fv2%2Fcomments&post=143"}],"version-history":[{"count":32,"href":"https:\/\/xn--seelenglck-heb.com\/index.php?rest_route=\/wp\/v2\/pages\/143\/revisions"}],"predecessor-version":[{"id":548,"href":"https:\/\/xn--seelenglck-heb.com\/index.php?rest_route=\/wp\/v2\/pages\/143\/revisions\/548"}],"wp:attachment":[{"href":"https:\/\/xn--seelenglck-heb.com\/index.php?rest_route=%2Fwp%2Fv2%2Fmedia&parent=143"}],"curies":[{"name":"wp","href":"https:\/\/api.w.org\/{rel}","templated":true}]}}