{"id":116,"date":"2026-01-25T18:47:22","date_gmt":"2026-01-25T18:47:22","guid":{"rendered":"https:\/\/xn--seelenglck-heb.com\/?page_id=116"},"modified":"2026-03-17T21:16:38","modified_gmt":"2026-03-17T21:16:38","slug":"seelenglueck","status":"publish","type":"page","link":"https:\/\/xn--seelenglck-heb.com\/","title":{"rendered":"Start"},"content":{"rendered":"\t\t<div data-elementor-type=\"wp-page\" data-elementor-id=\"116\" class=\"elementor elementor-116\" data-elementor-post-type=\"page\">\n\t\t\t\t<div class=\"elementor-element elementor-element-426f8fc e-grid e-con-full elementor-hidden-mobile e-con e-parent\" data-id=\"426f8fc\" data-element_type=\"container\" data-e-type=\"container\" data-settings=\"{&quot;background_background&quot;:&quot;slideshow&quot;,&quot;background_slideshow_gallery&quot;:[{&quot;id&quot;:820,&quot;url&quot;:&quot;https:\\\/\\\/xn--seelenglck-heb.com\\\/wp-content\\\/uploads\\\/2026\\\/03\\\/header_final_typo.png&quot;}],&quot;background_slideshow_slide_duration&quot;:5000,&quot;background_slideshow_slide_transition&quot;:&quot;fade&quot;,&quot;background_slideshow_transition_duration&quot;:500}\">\n\t\t<div class=\"elementor-element elementor-element-bcccb43 e-con-full e-flex e-con e-child\" data-id=\"bcccb43\" data-element_type=\"container\" data-e-type=\"container\">\n\t\t\t\t<div class=\"elementor-element elementor-element-9e9f028 e-transform elementor-widget elementor-widget-image\" data-id=\"9e9f028\" data-element_type=\"widget\" data-e-type=\"widget\" data-settings=\"{&quot;_transform_rotateZ_effect&quot;:{&quot;unit&quot;:&quot;px&quot;,&quot;size&quot;:9,&quot;sizes&quot;:[]},&quot;_transform_rotateZ_effect_tablet&quot;:{&quot;unit&quot;:&quot;deg&quot;,&quot;size&quot;:&quot;&quot;,&quot;sizes&quot;:[]},&quot;_transform_rotateZ_effect_mobile&quot;:{&quot;unit&quot;:&quot;deg&quot;,&quot;size&quot;:&quot;&quot;,&quot;sizes&quot;:[]}}\" data-widget_type=\"image.default\">\n\t\t\t\t\t\t\t\t\t\t\t\t\t\t\t<img fetchpriority=\"high\" decoding=\"async\" width=\"580\" height=\"791\" src=\"https:\/\/xn--seelenglck-heb.com\/wp-content\/uploads\/2026\/03\/passfoto_new_v1_blank.png\" class=\"attachment-large size-large wp-image-829\" alt=\"\" srcset=\"https:\/\/xn--seelenglck-heb.com\/wp-content\/uploads\/2026\/03\/passfoto_new_v1_blank.png 580w, https:\/\/xn--seelenglck-heb.com\/wp-content\/uploads\/2026\/03\/passfoto_new_v1_blank-220x300.png 220w\" sizes=\"(max-width: 580px) 100vw, 580px\" \/>\t\t\t\t\t\t\t\t\t\t\t\t\t\t\t<\/div>\n\t\t\t\t<\/div>\n\t\t\t\t<\/div>\n\t\t<div class=\"elementor-element elementor-element-5a0fe08 e-grid e-con-full elementor-hidden-mobile elementor-hidden-desktop elementor-hidden-tablet e-con e-parent\" data-id=\"5a0fe08\" data-element_type=\"container\" data-e-type=\"container\" data-settings=\"{&quot;background_background&quot;:&quot;slideshow&quot;,&quot;background_slideshow_gallery&quot;:[{&quot;id&quot;:753,&quot;url&quot;:&quot;https:\\\/\\\/xn--seelenglck-heb.com\\\/wp-content\\\/uploads\\\/2026\\\/03\\\/header_final_typo_foto.png&quot;}],&quot;background_slideshow_slide_duration&quot;:5000,&quot;background_slideshow_slide_transition&quot;:&quot;fade&quot;,&quot;background_slideshow_transition_duration&quot;:500}\">\n\t\t<div class=\"elementor-element elementor-element-7d73b36 e-flex e-con-boxed e-con e-child\" data-id=\"7d73b36\" data-element_type=\"container\" data-e-type=\"container\">\n\t\t\t\t\t<div class=\"e-con-inner\">\n\t\t\t\t\t<\/div>\n\t\t\t\t<\/div>\n\t\t\t\t<\/div>\n\t\t<div class=\"elementor-element elementor-element-f25402f e-grid e-con-full elementor-hidden-desktop elementor-hidden-tablet e-con e-parent\" data-id=\"f25402f\" data-element_type=\"container\" data-e-type=\"container\" data-settings=\"{&quot;background_background&quot;:&quot;slideshow&quot;,&quot;background_slideshow_gallery&quot;:[{&quot;id&quot;:78,&quot;url&quot;:&quot;https:\\\/\\\/xn--seelenglck-heb.com\\\/wp-content\\\/uploads\\\/2026\\\/01\\\/Wir-verlassen-Daenemark-im-April-2025.jpg&quot;}],&quot;background_slideshow_slide_transition&quot;:&quot;slide_right&quot;,&quot;background_slideshow_ken_burns&quot;:&quot;yes&quot;,&quot;background_slideshow_loop&quot;:&quot;yes&quot;,&quot;background_slideshow_slide_duration&quot;:5000,&quot;background_slideshow_transition_duration&quot;:500,&quot;background_slideshow_ken_burns_zoom_direction&quot;:&quot;in&quot;}\">\n\t\t<div class=\"elementor-element elementor-element-c8807c2 e-grid e-con-boxed e-con e-child\" data-id=\"c8807c2\" data-element_type=\"container\" data-e-type=\"container\">\n\t\t\t\t\t<div class=\"e-con-inner\">\n\t\t\t\t<div class=\"elementor-element elementor-element-b926ce5 elementor-widget elementor-widget-text-editor\" data-id=\"b926ce5\" data-element_type=\"widget\" data-e-type=\"widget\" data-widget_type=\"text-editor.default\">\n\t\t\t\t\t\t\t\t\t<h1>&#8222;Dein Weg zum SeelenGl\u00fcck! &ldquo;<\/h1>\t\t\t\t\t\t\t\t<\/div>\n\t\t\t\t<div class=\"elementor-element elementor-element-6d32d40 elementor-widget elementor-widget-image\" data-id=\"6d32d40\" data-element_type=\"widget\" data-e-type=\"widget\" data-widget_type=\"image.default\">\n\t\t\t\t\t\t\t\t\t\t\t\t\t\t\t<img decoding=\"async\" width=\"294\" height=\"300\" src=\"https:\/\/xn--seelenglck-heb.com\/wp-content\/uploads\/2026\/01\/Foto-Lueck-294x300.jpeg\" class=\"attachment-medium size-medium wp-image-30\" alt=\"Foto L\u00fcck\" srcset=\"https:\/\/xn--seelenglck-heb.com\/wp-content\/uploads\/2026\/01\/Foto-Lueck-294x300.jpeg 294w, https:\/\/xn--seelenglck-heb.com\/wp-content\/uploads\/2026\/01\/Foto-Lueck.jpeg 480w\" sizes=\"(max-width: 294px) 100vw, 294px\" \/>\t\t\t\t\t\t\t\t\t\t\t\t\t\t\t<\/div>\n\t\t\t\t\t<\/div>\n\t\t\t\t<\/div>\n\t\t\t\t<\/div>\n\t\t<div class=\"elementor-element elementor-element-37b9cfc e-flex e-con-boxed e-con e-parent\" data-id=\"37b9cfc\" data-element_type=\"container\" data-e-type=\"container\">\n\t\t\t\t\t<div class=\"e-con-inner\">\n\t\t\t\t<div class=\"elementor-element elementor-element-d06b441 elementor-widget elementor-widget-text-editor\" data-id=\"d06b441\" data-element_type=\"widget\" data-e-type=\"widget\" data-widget_type=\"text-editor.default\">\n\t\t\t\t\t\t\t\t\t<h2>Wie das geht? Ganz einfach: mach\u2019 Dich auf den Weg &#8211; jetzt!<\/h2>\t\t\t\t\t\t\t\t<\/div>\n\t\t\t\t\t<\/div>\n\t\t\t\t<\/div>\n\t\t<div class=\"elementor-element elementor-element-ace83c8 e-con-full e-flex e-con e-parent\" data-id=\"ace83c8\" data-element_type=\"container\" data-e-type=\"container\">\n\t\t<div class=\"elementor-element elementor-element-f8f7301 e-con-full e-grid e-con e-child\" data-id=\"f8f7301\" data-element_type=\"container\" data-e-type=\"container\">\n\t\t\t\t<div class=\"elementor-element elementor-element-8e05157 elementor-hidden-mobile elementor-widget elementor-widget-spacer\" data-id=\"8e05157\" data-element_type=\"widget\" data-e-type=\"widget\" data-widget_type=\"spacer.default\">\n\t\t\t\t\t\t\t<div class=\"elementor-spacer\">\n\t\t\t<div class=\"elementor-spacer-inner\"><\/div>\n\t\t<\/div>\n\t\t\t\t\t\t<\/div>\n\t\t\t\t<div class=\"elementor-element elementor-element-6ae82b7 elementor-widget elementor-widget-text-editor\" data-id=\"6ae82b7\" data-element_type=\"widget\" data-e-type=\"widget\" data-widget_type=\"text-editor.default\">\n\t\t\t\t\t\t\t\t\t<hr style=\"border: 0; border-top: 1px solid #ccc; margin: 1em 0;\">\n\n<em>&#8222;Der erste Schritt besteht darin, <\/em><em>mit dem Reden aufzuh\u00f6ren<\/em>\n\n<em>und mit dem Handeln zu eginnen.\u201c (<\/em><em>Walt Disney)<\/em>\n\n<hr style=\"border: 0; border-top: 1px solid #ccc; margin: 1em 0;\">\t\t\t\t\t\t\t\t<\/div>\n\t\t\t\t<\/div>\n\t\t\t\t<div class=\"elementor-element elementor-element-2c20b57 elementor-widget elementor-widget-text-editor\" data-id=\"2c20b57\" data-element_type=\"widget\" data-e-type=\"widget\" data-widget_type=\"text-editor.default\">\n\t\t\t\t\t\t\t\t\t<h2>Sei achtsam und ehrlich zu dir selbst.<\/h2>\t\t\t\t\t\t\t\t<\/div>\n\t\t\t\t<\/div>\n\t\t<div class=\"elementor-element elementor-element-20955f2 e-grid e-con-full e-con e-parent\" data-id=\"20955f2\" data-element_type=\"container\" data-e-type=\"container\">\n\t\t<div class=\"elementor-element elementor-element-dbb01eb e-con-full e-flex e-con e-child\" data-id=\"dbb01eb\" data-element_type=\"container\" data-e-type=\"container\">\n\t\t\t\t<div class=\"elementor-element elementor-element-b925146 elementor-widget elementor-widget-text-editor\" data-id=\"b925146\" data-element_type=\"widget\" data-e-type=\"widget\" data-widget_type=\"text-editor.default\">\n\t\t\t\t\t\t\t\t\t<p>Sei achtsam und ehrlich zu Dir selbst. Dann wirst Du in ganz allt\u00e4glichen Situation Impulse sehen, die Dein Leben zum genau passenden Zeitpunkt in eine neue Richtung bringen k\u00f6nnen. Das Dumme ist &#8211; die meisten Menschen sind so im \u201eGestern\u201c oder \u201eMorgen\u201c gefangen, dass sie diese Wegweiser, diese kleinen Momente gar nicht wahrnehmen (k\u00f6nnen). Und dann ist dieser Augenblick wieder vorbei, die \u201eT\u00fcr zur m\u00f6glichen Erkenntnis\u201c ganz schnell auch schon wieder verschlossen.<\/p>\t\t\t\t\t\t\t\t<\/div>\n\t\t\t\t<\/div>\n\t\t<div class=\"elementor-element elementor-element-474e5f4 e-con-full e-flex e-con e-child\" data-id=\"474e5f4\" data-element_type=\"container\" data-e-type=\"container\">\n\t\t\t\t<div class=\"elementor-element elementor-element-1a48201 elementor-widget elementor-widget-text-editor\" data-id=\"1a48201\" data-element_type=\"widget\" data-e-type=\"widget\" data-widget_type=\"text-editor.default\">\n\t\t\t\t\t\t\t\t\t<p>Teile von unserem Ich streben nach Macht, Geld, Anerkennung, Erfolg. Alles Faktoren, \u00fcber die wir Menschen uns im Au\u00dfen \u201edefinieren\u201c k\u00f6nnen. Aber ist all\u2019 das wirklich das, was z\u00e4hlt? Was die Seele wirklich braucht? Wenn Dich diese Zeilen ber\u00fchren, ist ein Coaching, eine Beratung, ein individuelles Coaching auf der \u201eSeelenGl\u00fcck\u201c vielleicht der n\u00e4chste Schritt, um Dein pers\u00f6nliches Seelengl\u00fcck zu finden.<\/p>\t\t\t\t\t\t\t\t<\/div>\n\t\t\t\t<\/div>\n\t\t\t\t<\/div>\n\t\t<div class=\"elementor-element elementor-element-750f1bd e-con-full e-flex e-con e-parent\" data-id=\"750f1bd\" data-element_type=\"container\" data-e-type=\"container\" data-settings=\"{&quot;background_background&quot;:&quot;classic&quot;}\">\n\t\t<div class=\"elementor-element elementor-element-0a859d3 e-con-full e-flex e-con e-child\" data-id=\"0a859d3\" data-element_type=\"container\" data-e-type=\"container\">\n\t\t\t\t<div class=\"elementor-element elementor-element-c8dbb28 elementor-hidden-mobile elementor-widget elementor-widget-spacer\" data-id=\"c8dbb28\" data-element_type=\"widget\" data-e-type=\"widget\" data-widget_type=\"spacer.default\">\n\t\t\t\t\t\t\t<div class=\"elementor-spacer\">\n\t\t\t<div class=\"elementor-spacer-inner\"><\/div>\n\t\t<\/div>\n\t\t\t\t\t\t<\/div>\n\t\t\t\t<div class=\"elementor-element elementor-element-8a00709 elementor-widget elementor-widget-image\" data-id=\"8a00709\" data-element_type=\"widget\" data-e-type=\"widget\" data-widget_type=\"image.default\">\n\t\t\t\t\t\t\t\t\t\t\t\t\t\t\t<img decoding=\"async\" width=\"761\" height=\"1024\" src=\"https:\/\/xn--seelenglck-heb.com\/wp-content\/uploads\/2026\/01\/IMG_7752-scaled-e1770144646292-761x1024.jpg\" class=\"attachment-large size-large wp-image-401\" alt=\"IMG_7752\" srcset=\"https:\/\/xn--seelenglck-heb.com\/wp-content\/uploads\/2026\/01\/IMG_7752-scaled-e1770144646292-761x1024.jpg 761w, https:\/\/xn--seelenglck-heb.com\/wp-content\/uploads\/2026\/01\/IMG_7752-scaled-e1770144646292-223x300.jpg 223w, https:\/\/xn--seelenglck-heb.com\/wp-content\/uploads\/2026\/01\/IMG_7752-scaled-e1770144646292-768x1033.jpg 768w, https:\/\/xn--seelenglck-heb.com\/wp-content\/uploads\/2026\/01\/IMG_7752-scaled-e1770144646292-1142x1536.jpg 1142w, https:\/\/xn--seelenglck-heb.com\/wp-content\/uploads\/2026\/01\/IMG_7752-scaled-e1770144646292.jpg 1152w\" sizes=\"(max-width: 761px) 100vw, 761px\" \/>\t\t\t\t\t\t\t\t\t\t\t\t\t\t\t<\/div>\n\t\t\t\t<\/div>\n\t\t<div class=\"elementor-element elementor-element-6c12be1 e-con-full e-flex e-con e-child\" data-id=\"6c12be1\" data-element_type=\"container\" data-e-type=\"container\">\n\t\t<div class=\"elementor-element elementor-element-bb71a85 e-con-full e-flex e-con e-child\" data-id=\"bb71a85\" data-element_type=\"container\" data-e-type=\"container\">\n\t\t\t\t<div class=\"elementor-element elementor-element-48ed9ef elementor-widget-divider--view-line elementor-widget elementor-widget-divider\" data-id=\"48ed9ef\" data-element_type=\"widget\" data-e-type=\"widget\" data-widget_type=\"divider.default\">\n\t\t\t\t\t\t\t<div class=\"elementor-divider\">\n\t\t\t<span class=\"elementor-divider-separator\">\n\t\t\t\t\t\t<\/span>\n\t\t<\/div>\n\t\t\t\t\t\t<\/div>\n\t\t\t\t<div class=\"elementor-element elementor-element-75251ed elementor-widget elementor-widget-text-editor\" data-id=\"75251ed\" data-element_type=\"widget\" data-e-type=\"widget\" data-widget_type=\"text-editor.default\">\n\t\t\t\t\t\t\t\t\t<h1>&#8222;Seelengl\u00fcck \u201c<\/h1><h2>Was ist das eigentlich f\u00fcr ein Name?<\/h2><p>Dazu ein kurzer Blick in meine Geschichte: den Traum eines eigenen Bootes trage ich schon seit Jahrzehnten in meinem Herzen. Meine ersten Segelerfahrungen durfte ich im Alter von 10 Jahren auf dem Steinhuder Meer machen &#8211; mein Vater kaufte sich im Jahr 1977 den Jollenkreuzer \u201eBetty\u201c. Mit 14 Jahren machte ich meinen Segelschein \u201eA\u201c, mit 16 folgte der Motorbootf\u00fchrerschein \u201eBinnen\u201c.<\/p><p>Nun, \u00fcber 40 Jahre sp\u00e4ter, heute als Vater von vier Kindern im Alter von 17 &#8211; 23 Jahren, die letzten 10 Jahre im Prinzip alleinerziehend, und \u00fcber all die Jahrzehnte mit (eher wenigen) H\u00f6hen und (eher vielen) Tiefen des Lebens als selbst\u00e4ndiger Berater durch\u2019s Leben gegangen, darf ich mir diesem Traum erf\u00fcllen. Den Traum, ein eigenes Segelboot zu besitzen.<\/p><p>Wer mich kennt, der wei\u00df, dass ich kein \u201e08\/15\u201c Berater bin. Als Wegweiser &amp; Gef\u00e4hrte bin ich \u201en\u00e4her dran\u201c an den Menschen, begleite diese in Entwicklungsprozessen aller Art. Betriebswirtschaftlich, klar, aber auch pers\u00f6nlich, seelisch, emotional.<\/p>\t\t\t\t\t\t\t\t<\/div>\n\t\t\t\t<\/div>\n\t\t<div class=\"elementor-element elementor-element-3a7e6b6 e-con-full e-flex e-con e-child\" data-id=\"3a7e6b6\" data-element_type=\"container\" data-e-type=\"container\">\n\t\t\t\t<div class=\"elementor-element elementor-element-a78f507 elementor-widget elementor-widget-text-editor\" data-id=\"a78f507\" data-element_type=\"widget\" data-e-type=\"widget\" data-widget_type=\"text-editor.default\">\n\t\t\t\t\t\t\t\t\t<center><\/center>\n\n<hr style=\"border: 0; border-top: 1px solid #ccc; margin: 1em 0;\">\n\n<h2>&#8222;Ich bin immer auf der Suche&#8220;<\/h2>\n\n<hr style=\"border: 0; border-top: 1px solid #ccc; margin: 1em 0;\">\t\t\t\t\t\t\t\t<\/div>\n\t\t\t\t<div class=\"elementor-element elementor-element-bc743c6 elementor-widget elementor-widget-text-editor\" data-id=\"bc743c6\" data-element_type=\"widget\" data-e-type=\"widget\" data-widget_type=\"text-editor.default\">\n\t\t\t\t\t\t\t\t\t<center><\/center><p>\u201eWorum geht es hier wirklich\u201c, und ich m\u00f6chte, dass es allen Menschen in einem System, also in Unternehmen &amp; Familien, gut geht: den Inhaberinnen &amp; Gesch\u00e4ftsf\u00fchrern, den Mitarbeitenden, den Kunden &amp; Lieferanten. In einem fairen, ehrlichen Miteinander &#8211; auf Augenh\u00f6he.<\/p><p>In meinen Trainings, meinen Beratungen, meinen Coaching setze ich Impulse. Indem ich unerwartete Fragen stelle. Menschen dazu einlade, neue Erfahrungen zu machen und ver\u00e4nderte Perspektiven einzunehmen. Dieses Vorgehen erm\u00f6glicht emotional-menschliche Entwicklung. Tag f\u00fcr Tag. Und Schritt f\u00fcr Schritt. Ich bin mir sicher: bei mir selbst wird diese Entwicklung niemals enden. Es wird dauern &#8211; bis zum letzten Atemzug.<\/p><p>Und &#8211; warum nun genau dieser Name? \u201eSeelenGl\u00fcck\u201c ist DAS Programm dieses Bootes: Menschen zu helfen, ihr eigenes Seelengl\u00fcck zu finden. Au\u00dferdem: \u201eSeelenGl\u00fcck\u201c vereint meine beiden Ahnenreihen mit meinem Beruf, meiner Berufung &#8211; meine Mutter hei\u00dft mit M\u00e4dchennamen \u201eSeele\u201c, mein Vater \u201eL\u00fcck\u201c. Eine perfekte Symbiose &#8211; f\u00fcr alle die, die nicht an Zuf\u00e4lle glauben \ud83d\ude42 \u2026<\/p>\t\t\t\t\t\t\t\t<\/div>\n\t\t\t\t<div class=\"elementor-element elementor-element-40d1044 elementor-widget elementor-widget-text-editor\" data-id=\"40d1044\" data-element_type=\"widget\" data-e-type=\"widget\" data-widget_type=\"text-editor.default\">\n\t\t\t\t\t\t\t\t\t<center><\/center><h2>M\u00e4dchennamen der Mutter: \u201eSeele\u201c + Name des Vater: \u201eL\u00fcck\u201c = SeelenGl\u00fcck<\/h2>\t\t\t\t\t\t\t\t<\/div>\n\t\t\t\t<div class=\"elementor-element elementor-element-3b73efd elementor-widget elementor-widget-text-editor\" data-id=\"3b73efd\" data-element_type=\"widget\" data-e-type=\"widget\" data-widget_type=\"text-editor.default\">\n\t\t\t\t\t\t\t\t\t<p>Wenn Du das Gef\u00fchl hast, ein pers\u00f6nlicher Wegweiser &amp; Gef\u00e4hrte k\u00f6nnte Dich ein St\u00fcck Deines<br \/>Lebensweges begleiten, dann nimm&#8216; hier <a href=\"https:\/\/xn--seelenglck-heb.com\/?page_id=143\">Kontakt<\/a> zu mir auf &#8211; ich melde mich schnellstm\u00f6glich<br \/>zur\u00fcck!<\/p>\t\t\t\t\t\t\t\t<\/div>\n\t\t\t\t<\/div>\n\t\t\t\t<\/div>\n\t\t\t\t<\/div>\n\t\t\t\t<\/div>\n\t\t","protected":false},"excerpt":{"rendered":"<p>&#8222;Dein Weg zum SeelenGl\u00fcck! &ldquo; Wie das geht? Ganz einfach: mach\u2019 Dich auf den Weg &#8211; jetzt! &#8222;Der erste Schritt besteht darin, mit dem Reden aufzuh\u00f6ren und mit dem Handeln zu eginnen.\u201c (Walt Disney) Sei achtsam und ehrlich zu dir selbst. Sei achtsam und ehrlich zu Dir selbst. Dann wirst Du in ganz allt\u00e4glichen Situation [&hellip;]<\/p>\n","protected":false},"author":1,"featured_media":0,"parent":0,"menu_order":0,"comment_status":"closed","ping_status":"closed","template":"","meta":{"footnotes":""},"class_list":["post-116","page","type-page","status-publish","hentry"],"yoast_head":"<!-- This site is optimized with the Yoast SEO plugin v27.2 - https:\/\/yoast.com\/product\/yoast-seo-wordpress\/ -->\n<title>Start - Seelengl\u00fcck<\/title>\n<meta name=\"description\" content=\"Dein Weg zum Seelengl\u00fcck - Wie das geht? Ganz einfach: mach\u2019 Dich auf den Weg \u2013 jetzt! Michael L\u00fcck - Seelengl\u00fcck.com\" \/>\n<meta name=\"robots\" content=\"index, follow, max-snippet:-1, max-image-preview:large, max-video-preview:-1\" \/>\n<link rel=\"canonical\" href=\"https:\/\/xn--seelenglck-heb.com\/\" \/>\n<meta property=\"og:locale\" content=\"de_DE\" \/>\n<meta property=\"og:type\" content=\"article\" \/>\n<meta property=\"og:title\" content=\"Start - Seelengl\u00fcck\" \/>\n<meta property=\"og:description\" content=\"Dein Weg zum Seelengl\u00fcck - Wie das geht? Ganz einfach: mach\u2019 Dich auf den Weg \u2013 jetzt! Michael L\u00fcck - Seelengl\u00fcck.com\" \/>\n<meta property=\"og:url\" content=\"https:\/\/xn--seelenglck-heb.com\/\" \/>\n<meta property=\"og:site_name\" content=\"Seelengl\u00fcck\" \/>\n<meta property=\"article:modified_time\" content=\"2026-03-17T21:16:38+00:00\" \/>\n<meta property=\"og:image\" content=\"https:\/\/xn--seelenglck-heb.com\/wp-content\/uploads\/2026\/03\/passfoto_new_v1_blank.png\" \/>\n\t<meta property=\"og:image:width\" content=\"580\" \/>\n\t<meta property=\"og:image:height\" content=\"791\" \/>\n\t<meta property=\"og:image:type\" content=\"image\/png\" \/>\n<meta name=\"twitter:card\" content=\"summary_large_image\" \/>\n<meta name=\"twitter:label1\" content=\"Gesch\u00e4tzte Lesezeit\" \/>\n\t<meta name=\"twitter:data1\" content=\"3\u00a0Minuten\" \/>\n<script type=\"application\/ld+json\" class=\"yoast-schema-graph\">{\"@context\":\"https:\/\/schema.org\",\"@graph\":[{\"@type\":\"WebPage\",\"@id\":\"https:\/\/xn--seelenglck-heb.com\/\",\"url\":\"https:\/\/xn--seelenglck-heb.com\/\",\"name\":\"Start - Seelengl\u00fcck\",\"isPartOf\":{\"@id\":\"https:\/\/xn--seelenglck-heb.com\/#website\"},\"primaryImageOfPage\":{\"@id\":\"https:\/\/xn--seelenglck-heb.com\/#primaryimage\"},\"image\":{\"@id\":\"https:\/\/xn--seelenglck-heb.com\/#primaryimage\"},\"thumbnailUrl\":\"https:\/\/xn--seelenglck-heb.com\/wp-content\/uploads\/2026\/03\/passfoto_new_v1_blank.png\",\"datePublished\":\"2026-01-25T18:47:22+00:00\",\"dateModified\":\"2026-03-17T21:16:38+00:00\",\"description\":\"Dein Weg zum Seelengl\u00fcck - Wie das geht? Ganz einfach: mach\u2019 Dich auf den Weg \u2013 jetzt! Michael L\u00fcck - Seelengl\u00fcck.com\",\"breadcrumb\":{\"@id\":\"https:\/\/xn--seelenglck-heb.com\/#breadcrumb\"},\"inLanguage\":\"de\",\"potentialAction\":[{\"@type\":\"ReadAction\",\"target\":[\"https:\/\/xn--seelenglck-heb.com\/\"]}]},{\"@type\":\"ImageObject\",\"inLanguage\":\"de\",\"@id\":\"https:\/\/xn--seelenglck-heb.com\/#primaryimage\",\"url\":\"https:\/\/xn--seelenglck-heb.com\/wp-content\/uploads\/2026\/03\/passfoto_new_v1_blank.png\",\"contentUrl\":\"https:\/\/xn--seelenglck-heb.com\/wp-content\/uploads\/2026\/03\/passfoto_new_v1_blank.png\",\"width\":580,\"height\":791},{\"@type\":\"BreadcrumbList\",\"@id\":\"https:\/\/xn--seelenglck-heb.com\/#breadcrumb\",\"itemListElement\":[{\"@type\":\"ListItem\",\"position\":1,\"name\":\"Start\",\"item\":\"https:\/\/xn--seelenglck-heb.com\/\"},{\"@type\":\"ListItem\",\"position\":2,\"name\":\"Start\"}]},{\"@type\":\"WebSite\",\"@id\":\"https:\/\/xn--seelenglck-heb.com\/#website\",\"url\":\"https:\/\/xn--seelenglck-heb.com\/\",\"name\":\"Seelengl\u00fcck\",\"description\":\"Dein Weg zum Seelengl\u00fcck\",\"publisher\":{\"@id\":\"https:\/\/xn--seelenglck-heb.com\/#organization\"},\"potentialAction\":[{\"@type\":\"SearchAction\",\"target\":{\"@type\":\"EntryPoint\",\"urlTemplate\":\"https:\/\/xn--seelenglck-heb.com\/?s={search_term_string}\"},\"query-input\":{\"@type\":\"PropertyValueSpecification\",\"valueRequired\":true,\"valueName\":\"search_term_string\"}}],\"inLanguage\":\"de\"},{\"@type\":\"Organization\",\"@id\":\"https:\/\/xn--seelenglck-heb.com\/#organization\",\"name\":\"Seelengl\u00fcck\",\"url\":\"https:\/\/xn--seelenglck-heb.com\/\",\"logo\":{\"@type\":\"ImageObject\",\"inLanguage\":\"de\",\"@id\":\"https:\/\/xn--seelenglck-heb.com\/#\/schema\/logo\/image\/\",\"url\":\"https:\/\/xn--seelenglck-heb.com\/wp-content\/uploads\/2026\/01\/logo-no-back-white.png\",\"contentUrl\":\"https:\/\/xn--seelenglck-heb.com\/wp-content\/uploads\/2026\/01\/logo-no-back-white.png\",\"width\":1877,\"height\":277,\"caption\":\"Seelengl\u00fcck\"},\"image\":{\"@id\":\"https:\/\/xn--seelenglck-heb.com\/#\/schema\/logo\/image\/\"},\"sameAs\":[\"https:\/\/www.linkedin.com\/in\/hell-und-dunkel\/\"]}]}<\/script>\n<!-- \/ Yoast SEO plugin. -->","yoast_head_json":{"title":"Start - Seelengl\u00fcck","description":"Dein Weg zum Seelengl\u00fcck - Wie das geht? Ganz einfach: mach\u2019 Dich auf den Weg \u2013 jetzt! Michael L\u00fcck - Seelengl\u00fcck.com","robots":{"index":"index","follow":"follow","max-snippet":"max-snippet:-1","max-image-preview":"max-image-preview:large","max-video-preview":"max-video-preview:-1"},"canonical":"https:\/\/xn--seelenglck-heb.com\/","og_locale":"de_DE","og_type":"article","og_title":"Start - Seelengl\u00fcck","og_description":"Dein Weg zum Seelengl\u00fcck - Wie das geht? Ganz einfach: mach\u2019 Dich auf den Weg \u2013 jetzt! Michael L\u00fcck - Seelengl\u00fcck.com","og_url":"https:\/\/xn--seelenglck-heb.com\/","og_site_name":"Seelengl\u00fcck","article_modified_time":"2026-03-17T21:16:38+00:00","og_image":[{"width":580,"height":791,"url":"https:\/\/xn--seelenglck-heb.com\/wp-content\/uploads\/2026\/03\/passfoto_new_v1_blank.png","type":"image\/png"}],"twitter_card":"summary_large_image","twitter_misc":{"Gesch\u00e4tzte Lesezeit":"3\u00a0Minuten"},"schema":{"@context":"https:\/\/schema.org","@graph":[{"@type":"WebPage","@id":"https:\/\/xn--seelenglck-heb.com\/","url":"https:\/\/xn--seelenglck-heb.com\/","name":"Start - Seelengl\u00fcck","isPartOf":{"@id":"https:\/\/xn--seelenglck-heb.com\/#website"},"primaryImageOfPage":{"@id":"https:\/\/xn--seelenglck-heb.com\/#primaryimage"},"image":{"@id":"https:\/\/xn--seelenglck-heb.com\/#primaryimage"},"thumbnailUrl":"https:\/\/xn--seelenglck-heb.com\/wp-content\/uploads\/2026\/03\/passfoto_new_v1_blank.png","datePublished":"2026-01-25T18:47:22+00:00","dateModified":"2026-03-17T21:16:38+00:00","description":"Dein Weg zum Seelengl\u00fcck - Wie das geht? Ganz einfach: mach\u2019 Dich auf den Weg \u2013 jetzt! Michael L\u00fcck - Seelengl\u00fcck.com","breadcrumb":{"@id":"https:\/\/xn--seelenglck-heb.com\/#breadcrumb"},"inLanguage":"de","potentialAction":[{"@type":"ReadAction","target":["https:\/\/xn--seelenglck-heb.com\/"]}]},{"@type":"ImageObject","inLanguage":"de","@id":"https:\/\/xn--seelenglck-heb.com\/#primaryimage","url":"https:\/\/xn--seelenglck-heb.com\/wp-content\/uploads\/2026\/03\/passfoto_new_v1_blank.png","contentUrl":"https:\/\/xn--seelenglck-heb.com\/wp-content\/uploads\/2026\/03\/passfoto_new_v1_blank.png","width":580,"height":791},{"@type":"BreadcrumbList","@id":"https:\/\/xn--seelenglck-heb.com\/#breadcrumb","itemListElement":[{"@type":"ListItem","position":1,"name":"Start","item":"https:\/\/xn--seelenglck-heb.com\/"},{"@type":"ListItem","position":2,"name":"Start"}]},{"@type":"WebSite","@id":"https:\/\/xn--seelenglck-heb.com\/#website","url":"https:\/\/xn--seelenglck-heb.com\/","name":"Seelengl\u00fcck","description":"Dein Weg zum Seelengl\u00fcck","publisher":{"@id":"https:\/\/xn--seelenglck-heb.com\/#organization"},"potentialAction":[{"@type":"SearchAction","target":{"@type":"EntryPoint","urlTemplate":"https:\/\/xn--seelenglck-heb.com\/?s={search_term_string}"},"query-input":{"@type":"PropertyValueSpecification","valueRequired":true,"valueName":"search_term_string"}}],"inLanguage":"de"},{"@type":"Organization","@id":"https:\/\/xn--seelenglck-heb.com\/#organization","name":"Seelengl\u00fcck","url":"https:\/\/xn--seelenglck-heb.com\/","logo":{"@type":"ImageObject","inLanguage":"de","@id":"https:\/\/xn--seelenglck-heb.com\/#\/schema\/logo\/image\/","url":"https:\/\/xn--seelenglck-heb.com\/wp-content\/uploads\/2026\/01\/logo-no-back-white.png","contentUrl":"https:\/\/xn--seelenglck-heb.com\/wp-content\/uploads\/2026\/01\/logo-no-back-white.png","width":1877,"height":277,"caption":"Seelengl\u00fcck"},"image":{"@id":"https:\/\/xn--seelenglck-heb.com\/#\/schema\/logo\/image\/"},"sameAs":["https:\/\/www.linkedin.com\/in\/hell-und-dunkel\/"]}]}},"_links":{"self":[{"href":"https:\/\/xn--seelenglck-heb.com\/index.php?rest_route=\/wp\/v2\/pages\/116","targetHints":{"allow":["GET"]}}],"collection":[{"href":"https:\/\/xn--seelenglck-heb.com\/index.php?rest_route=\/wp\/v2\/pages"}],"about":[{"href":"https:\/\/xn--seelenglck-heb.com\/index.php?rest_route=\/wp\/v2\/types\/page"}],"author":[{"embeddable":true,"href":"https:\/\/xn--seelenglck-heb.com\/index.php?rest_route=\/wp\/v2\/users\/1"}],"replies":[{"embeddable":true,"href":"https:\/\/xn--seelenglck-heb.com\/index.php?rest_route=%2Fwp%2Fv2%2Fcomments&post=116"}],"version-history":[{"count":221,"href":"https:\/\/xn--seelenglck-heb.com\/index.php?rest_route=\/wp\/v2\/pages\/116\/revisions"}],"predecessor-version":[{"id":838,"href":"https:\/\/xn--seelenglck-heb.com\/index.php?rest_route=\/wp\/v2\/pages\/116\/revisions\/838"}],"wp:attachment":[{"href":"https:\/\/xn--seelenglck-heb.com\/index.php?rest_route=%2Fwp%2Fv2%2Fmedia&parent=116"}],"curies":[{"name":"wp","href":"https:\/\/api.w.org\/{rel}","templated":true}]}}